{"id":368076,"date":"2024-09-10T11:00:53","date_gmt":"2024-09-10T17:21:09","guid":{"rendered":"https:\/\/maisoncleo.com\/\/?post_type=product&#038;p=368076"},"modified":"2024-09-10T21:27:13","modified_gmt":"2024-09-10T19:27:13","slug":"la-badoule-look-6-robe-en-mousseline-de-soie-jaune-a-coeurs-roses-alice","status":"publish","type":"product","link":"https:\/\/maisoncleo.com\/fr\/shop\/la-badoule-look-6-robe-en-mousseline-de-soie-jaune-a-coeurs-roses-alice\/","title":{"rendered":"LA BADOULE LOOK 6 &#8211; Robe en mousseline de soie jaune \u00e0 coeurs roses ALICE"},"content":{"rendered":"<p>Robe en mousseline de soie jaune \u00e0 coeurs roses.<\/p>\n<p>Coupe style balconnet sur la poitrine, fermeture \u00e9clair invisible sur le c\u00f4t\u00e9, deux liens \u00e0 nouer dans le cou. Doubl\u00e9e dans une soie unie. Finition bourdon rose dans le bas.<\/p>\n<p>Tr\u00e8s beau tissu en mousseline de soie avec des petit coeurs. Notre robe et imprim\u00e9 pr\u00e9f\u00e9r\u00e9s de cette collection!<\/p>\n<p>100% soie.<\/p>\n<p>LOOK 6 de notre pr\u00e9 collection printemps \u00e9t\u00e9 \u201cLa BADOULE\u201d.<\/p>\n<p>La mod\u00e8le mesure 1m74 et porte une taille S\/36.<\/p>\n","protected":false},"excerpt":{"rendered":"<p>Robe en mousseline de soie jaune \u00e0 coeurs roses. Coupe style balconnet sur la poitrine, fermeture \u00e9clair invisible sur le c\u00f4t\u00e9, deux&hellip;<\/p>\n","protected":false},"featured_media":355525,"template":"","meta":[],"product_brand":[],"product_cat":[668,664,661],"product_tag":[],"class_list":{"0":"post-368076","1":"product","2":"type-product","3":"status-publish","4":"has-post-thumbnail","6":"product_cat-capsule","7":"product_cat-robes","8":"product_cat-tout-voir","9":"pa_taille-l-40-2","10":"pa_taille-m-38-2","11":"pa_taille-s-36-2","12":"pa_taille-sur-mesure-fr-2","13":"pa_taille-xl-42-fr-2","14":"pa_taille-xs-34-2","16":"first","17":"instock","18":"taxable","19":"shipping-taxable","20":"purchasable","21":"product-type-variable"},"_links":{"self":[{"href":"https:\/\/maisoncleo.com\/fr\/wp-json\/wp\/v2\/product\/368076","targetHints":{"allow":["GET"]}}],"collection":[{"href":"https:\/\/maisoncleo.com\/fr\/wp-json\/wp\/v2\/product"}],"about":[{"href":"https:\/\/maisoncleo.com\/fr\/wp-json\/wp\/v2\/types\/product"}],"version-history":[{"count":1,"href":"https:\/\/maisoncleo.com\/fr\/wp-json\/wp\/v2\/product\/368076\/revisions"}],"predecessor-version":[{"id":368110,"href":"https:\/\/maisoncleo.com\/fr\/wp-json\/wp\/v2\/product\/368076\/revisions\/368110"}],"wp:featuredmedia":[{"embeddable":true,"href":"https:\/\/maisoncleo.com\/fr\/wp-json\/wp\/v2\/media\/355525"}],"wp:attachment":[{"href":"https:\/\/maisoncleo.com\/fr\/wp-json\/wp\/v2\/media?parent=368076"}],"wp:term":[{"taxonomy":"product_brand","embeddable":true,"href":"https:\/\/maisoncleo.com\/fr\/wp-json\/wp\/v2\/product_brand?post=368076"},{"taxonomy":"product_cat","embeddable":true,"href":"https:\/\/maisoncleo.com\/fr\/wp-json\/wp\/v2\/product_cat?post=368076"},{"taxonomy":"product_tag","embeddable":true,"href":"https:\/\/maisoncleo.com\/fr\/wp-json\/wp\/v2\/product_tag?post=368076"}],"curies":[{"name":"wp","href":"https:\/\/api.w.org\/{rel}","templated":true}]}}