{"id":368062,"date":"2024-09-10T11:00:29","date_gmt":"2024-09-10T17:20:47","guid":{"rendered":"https:\/\/maisoncleo.com\/\/?post_type=product&#038;p=368062"},"modified":"2024-09-10T21:27:12","modified_gmt":"2024-09-10T19:27:12","slug":"la-badoule-look-5-jupe-alba-en-organza-de-soie-blanc-casse-volantee","status":"publish","type":"product","link":"https:\/\/maisoncleo.com\/fr\/shop\/la-badoule-look-5-jupe-alba-en-organza-de-soie-blanc-casse-volantee\/","title":{"rendered":"LA BADOULE LOOK 5 &#8211; Jupe ALBA en organza de soie blanc cass\u00e9 volant\u00e9e"},"content":{"rendered":"<p>Jupe en organza de soie blanc cass\u00e9 volant\u00e9e.<\/p>\n<p>Volants sur la taille et le bas de la jupe, coupe trapeze, fermeture \u00e9clair sur le c\u00f4t\u00e9, taille mi-haute. Doubl\u00e9e.<\/p>\n<p>100% soie. A porter avec notre blouse assortie.<\/p>\n<p>La jupe chou \u00e0 la cr\u00e8me!<\/p>\n<p>LOOK 5 de notre pr\u00e9 collection printemps \u00e9t\u00e9 \u201cLA BADOULE\u201d.<\/p>\n<p>La mod\u00e8le mesure 1m74 et porte une taille S\/36.<\/p>\n","protected":false},"excerpt":{"rendered":"<p>Jupe en organza de soie blanc cass\u00e9 volant\u00e9e. Volants sur la taille et le bas de la jupe, coupe trapeze, fermeture \u00e9clair&hellip;<\/p>\n","protected":false},"featured_media":355511,"template":"","meta":[],"product_brand":[],"product_cat":[672,958,668,661],"product_tag":[],"class_list":{"0":"post-368062","1":"product","2":"type-product","3":"status-publish","4":"has-post-thumbnail","6":"product_cat-jupes","7":"product_cat-mariage-selection","8":"product_cat-capsule","9":"product_cat-tout-voir","10":"pa_taille-l-40-2","11":"pa_taille-m-38-2","12":"pa_taille-s-36-2","13":"pa_taille-sur-mesure-fr-2","14":"pa_taille-xl-42-fr-2","15":"pa_taille-xs-34-2","17":"first","18":"instock","19":"taxable","20":"shipping-taxable","21":"purchasable","22":"product-type-variable"},"_links":{"self":[{"href":"https:\/\/maisoncleo.com\/fr\/wp-json\/wp\/v2\/product\/368062","targetHints":{"allow":["GET"]}}],"collection":[{"href":"https:\/\/maisoncleo.com\/fr\/wp-json\/wp\/v2\/product"}],"about":[{"href":"https:\/\/maisoncleo.com\/fr\/wp-json\/wp\/v2\/types\/product"}],"version-history":[{"count":1,"href":"https:\/\/maisoncleo.com\/fr\/wp-json\/wp\/v2\/product\/368062\/revisions"}],"predecessor-version":[{"id":368098,"href":"https:\/\/maisoncleo.com\/fr\/wp-json\/wp\/v2\/product\/368062\/revisions\/368098"}],"wp:featuredmedia":[{"embeddable":true,"href":"https:\/\/maisoncleo.com\/fr\/wp-json\/wp\/v2\/media\/355511"}],"wp:attachment":[{"href":"https:\/\/maisoncleo.com\/fr\/wp-json\/wp\/v2\/media?parent=368062"}],"wp:term":[{"taxonomy":"product_brand","embeddable":true,"href":"https:\/\/maisoncleo.com\/fr\/wp-json\/wp\/v2\/product_brand?post=368062"},{"taxonomy":"product_cat","embeddable":true,"href":"https:\/\/maisoncleo.com\/fr\/wp-json\/wp\/v2\/product_cat?post=368062"},{"taxonomy":"product_tag","embeddable":true,"href":"https:\/\/maisoncleo.com\/fr\/wp-json\/wp\/v2\/product_tag?post=368062"}],"curies":[{"name":"wp","href":"https:\/\/api.w.org\/{rel}","templated":true}]}}