{"id":368061,"date":"2024-09-10T11:00:29","date_gmt":"2024-09-10T17:20:47","guid":{"rendered":"https:\/\/maisoncleo.com\/\/?post_type=product&#038;p=368061"},"modified":"2025-06-21T01:02:16","modified_gmt":"2025-06-20T23:02:16","slug":"la-badoule-look-13-robe-louise-en-soie-et-coton-blanc-casse-volantee","status":"publish","type":"product","link":"https:\/\/maisoncleo.com\/fr\/shop\/la-badoule-look-13-robe-louise-en-soie-et-coton-blanc-casse-volantee\/","title":{"rendered":"LA BADOULE LOOK 13 &#8211; Robe LOUISE en soie et coton blanc cass\u00e9 volant\u00e9e"},"content":{"rendered":"<p>Robe en soie et coton blanc cass\u00e9 volant\u00e9e.<\/p>\n<p>Coupe droite, volants sur le bas de la robe, fermeture \u00e9clair invisible milieu dos. Doubl\u00e9e.<\/p>\n<p>La robe chou \u00e0 la cr\u00e8me!<\/p>\n<p>LOOK 13 de notre pr\u00e9 collection printemps \u00e9t\u00e9 \u201cLA BADOULE\u201d.<\/p>\n<p>La mod\u00e8le mesure 1m74 et porte une taille S\/36.<\/p>\n","protected":false},"excerpt":{"rendered":"<p>Robe en soie et coton blanc cass\u00e9 volant\u00e9e. Coupe droite, volants sur le bas de la robe, fermeture \u00e9clair invisible milieu dos.&hellip;<\/p>\n","protected":false},"featured_media":355725,"template":"","meta":[],"product_brand":[],"product_cat":[958,668,664,661],"product_tag":[],"class_list":{"0":"post-368061","1":"product","2":"type-product","3":"status-publish","4":"has-post-thumbnail","6":"product_cat-mariage-selection","7":"product_cat-capsule","8":"product_cat-robes","9":"product_cat-tout-voir","10":"pa_taille-l-40-2","11":"pa_taille-m-38-2","12":"pa_taille-s-36-2","13":"pa_taille-sur-mesure-fr-2","14":"pa_taille-xl-42-fr-2","15":"pa_taille-xs-34-2","17":"first","18":"instock","19":"taxable","20":"shipping-taxable","21":"purchasable","22":"product-type-variable"},"_links":{"self":[{"href":"https:\/\/maisoncleo.com\/fr\/wp-json\/wp\/v2\/product\/368061","targetHints":{"allow":["GET"]}}],"collection":[{"href":"https:\/\/maisoncleo.com\/fr\/wp-json\/wp\/v2\/product"}],"about":[{"href":"https:\/\/maisoncleo.com\/fr\/wp-json\/wp\/v2\/types\/product"}],"version-history":[{"count":1,"href":"https:\/\/maisoncleo.com\/fr\/wp-json\/wp\/v2\/product\/368061\/revisions"}],"predecessor-version":[{"id":368193,"href":"https:\/\/maisoncleo.com\/fr\/wp-json\/wp\/v2\/product\/368061\/revisions\/368193"}],"wp:featuredmedia":[{"embeddable":true,"href":"https:\/\/maisoncleo.com\/fr\/wp-json\/wp\/v2\/media\/355725"}],"wp:attachment":[{"href":"https:\/\/maisoncleo.com\/fr\/wp-json\/wp\/v2\/media?parent=368061"}],"wp:term":[{"taxonomy":"product_brand","embeddable":true,"href":"https:\/\/maisoncleo.com\/fr\/wp-json\/wp\/v2\/product_brand?post=368061"},{"taxonomy":"product_cat","embeddable":true,"href":"https:\/\/maisoncleo.com\/fr\/wp-json\/wp\/v2\/product_cat?post=368061"},{"taxonomy":"product_tag","embeddable":true,"href":"https:\/\/maisoncleo.com\/fr\/wp-json\/wp\/v2\/product_tag?post=368061"}],"curies":[{"name":"wp","href":"https:\/\/api.w.org\/{rel}","templated":true}]}}