{"id":368060,"date":"2024-09-10T11:00:29","date_gmt":"2024-09-10T17:20:47","guid":{"rendered":"https:\/\/maisoncleo.com\/\/?post_type=product&#038;p=368060"},"modified":"2024-09-10T21:27:11","modified_gmt":"2024-09-10T19:27:11","slug":"la-badoule-look-5-blouse-ariane-en-organza-de-soie-blanc-casse-volantee","status":"publish","type":"product","link":"https:\/\/maisoncleo.com\/fr\/shop\/la-badoule-look-5-blouse-ariane-en-organza-de-soie-blanc-casse-volantee\/","title":{"rendered":"LA BADOULE LOOK 5 &#8211; Blouse ARIANE en organza de soie blanc cass\u00e9 volant\u00e9e"},"content":{"rendered":"<p>Blouse en organza de soie blanc cass\u00e9 volant\u00e9e.<\/p>\n<p>Deux manches bouffantes, volants dans le bas de la blouse et des manches, deux liens sur le devant, l\u00e9g\u00e8rement transparent.<\/p>\n<p>100% soie. A porter avec notre jupe assortie.<\/p>\n<p>La blouse chou \u00e0 la cr\u00e8me!<\/p>\n<p>LOOK 5 de notre pr\u00e9 collection printemps \u00e9t\u00e9 \u00ab\u00a0LA BADOULE\u00a0\u00bb.<\/p>\n<p>La mod\u00e8le mesure 1m74 et porte une taille S\/36.<\/p>\n","protected":false},"excerpt":{"rendered":"<p>Blouse en organza de soie blanc cass\u00e9 volant\u00e9e. Deux manches bouffantes, volants dans le bas de la blouse et des manches, deux&hellip;<\/p>\n","protected":false},"featured_media":355500,"template":"","meta":[],"product_brand":[],"product_cat":[663,958,668,674,661],"product_tag":[],"class_list":{"0":"post-368060","1":"product","2":"type-product","3":"status-publish","4":"has-post-thumbnail","6":"product_cat-blouses","7":"product_cat-mariage-selection","8":"product_cat-capsule","9":"product_cat-tops","10":"product_cat-tout-voir","11":"pa_taille-l-40-2","12":"pa_taille-m-38-2","13":"pa_taille-s-36-2","14":"pa_taille-sur-mesure-fr-2","15":"pa_taille-xl-42-fr-2","16":"pa_taille-xs-34-2","18":"first","19":"instock","20":"taxable","21":"shipping-taxable","22":"purchasable","23":"product-type-variable"},"_links":{"self":[{"href":"https:\/\/maisoncleo.com\/fr\/wp-json\/wp\/v2\/product\/368060","targetHints":{"allow":["GET"]}}],"collection":[{"href":"https:\/\/maisoncleo.com\/fr\/wp-json\/wp\/v2\/product"}],"about":[{"href":"https:\/\/maisoncleo.com\/fr\/wp-json\/wp\/v2\/types\/product"}],"version-history":[{"count":1,"href":"https:\/\/maisoncleo.com\/fr\/wp-json\/wp\/v2\/product\/368060\/revisions"}],"predecessor-version":[{"id":368084,"href":"https:\/\/maisoncleo.com\/fr\/wp-json\/wp\/v2\/product\/368060\/revisions\/368084"}],"wp:featuredmedia":[{"embeddable":true,"href":"https:\/\/maisoncleo.com\/fr\/wp-json\/wp\/v2\/media\/355500"}],"wp:attachment":[{"href":"https:\/\/maisoncleo.com\/fr\/wp-json\/wp\/v2\/media?parent=368060"}],"wp:term":[{"taxonomy":"product_brand","embeddable":true,"href":"https:\/\/maisoncleo.com\/fr\/wp-json\/wp\/v2\/product_brand?post=368060"},{"taxonomy":"product_cat","embeddable":true,"href":"https:\/\/maisoncleo.com\/fr\/wp-json\/wp\/v2\/product_cat?post=368060"},{"taxonomy":"product_tag","embeddable":true,"href":"https:\/\/maisoncleo.com\/fr\/wp-json\/wp\/v2\/product_tag?post=368060"}],"curies":[{"name":"wp","href":"https:\/\/api.w.org\/{rel}","templated":true}]}}