{"id":368049,"date":"2024-09-10T10:59:32","date_gmt":"2024-09-10T17:20:23","guid":{"rendered":"https:\/\/maisoncleo.com\/\/?post_type=product&#038;p=368049"},"modified":"2024-09-10T21:27:36","modified_gmt":"2024-09-10T19:27:36","slug":"la-badoule-look-17-sac-la-badoule-en-vynil-aubergine","status":"publish","type":"product","link":"https:\/\/maisoncleo.com\/fr\/shop\/la-badoule-look-17-sac-la-badoule-en-vynil-aubergine\/","title":{"rendered":"LA BADOULE LOOK 17 &#8211; Sac LA BADOULE en vynil aubergine"},"content":{"rendered":"<p>Sac en vynil aubergine.<\/p>\n<p>Sac baguette, fermeture \u00e9clair noir, forme arrondie, large anse, boucle d\u00e9corative sur la anse, deux grigris fleurs en noix de coco.<\/p>\n<p>Lien sur le c\u00f4t\u00e9 du sac pour accrocher votre porte cl\u00e9s La Badoule de la couleur de votre choix.<\/p>\n<p>Enti\u00e8rement doubl\u00e9 avec le m\u00eame tissu tangerine en vynil. Petite poche int\u00e9rieure.<\/p>\n<p>Longueur : 33 cm \/ Hauteur : 13 cm \/ Longueur de la anse : 56 cm. Profondeur : 7 cm.<\/p>\n<p>LOOK 4 de notre pr\u00e9 collection printemps \u00e9t\u00e9 \u00ab\u00a0LA BADOULE\u00a0\u00bb.<\/p>\n","protected":false},"excerpt":{"rendered":"<p>Sac en vynil aubergine. Sac baguette, fermeture \u00e9clair noir, forme arrondie, large anse, boucle d\u00e9corative sur la anse, deux grigris fleurs en&hellip;<\/p>\n","protected":false},"featured_media":355834,"template":"","meta":[],"product_brand":[],"product_cat":[651,668,652,661],"product_tag":[],"class_list":{"0":"post-368049","1":"product","2":"type-product","3":"status-publish","4":"has-post-thumbnail","6":"product_cat-accessoires","7":"product_cat-capsule","8":"product_cat-sacs","9":"product_cat-tout-voir","10":"pa_taille-l-40-2","11":"pa_taille-m-38-2","12":"pa_taille-s-36-2","13":"pa_taille-sur-mesure-fr-2","14":"pa_taille-taille-unique-2","15":"pa_taille-xl-42-fr-2","16":"pa_taille-xs-34-2","18":"first","19":"instock","20":"taxable","21":"shipping-taxable","22":"purchasable","23":"product-type-variable"},"_links":{"self":[{"href":"https:\/\/maisoncleo.com\/fr\/wp-json\/wp\/v2\/product\/368049","targetHints":{"allow":["GET"]}}],"collection":[{"href":"https:\/\/maisoncleo.com\/fr\/wp-json\/wp\/v2\/product"}],"about":[{"href":"https:\/\/maisoncleo.com\/fr\/wp-json\/wp\/v2\/types\/product"}],"version-history":[{"count":1,"href":"https:\/\/maisoncleo.com\/fr\/wp-json\/wp\/v2\/product\/368049\/revisions"}],"predecessor-version":[{"id":368247,"href":"https:\/\/maisoncleo.com\/fr\/wp-json\/wp\/v2\/product\/368049\/revisions\/368247"}],"wp:featuredmedia":[{"embeddable":true,"href":"https:\/\/maisoncleo.com\/fr\/wp-json\/wp\/v2\/media\/355834"}],"wp:attachment":[{"href":"https:\/\/maisoncleo.com\/fr\/wp-json\/wp\/v2\/media?parent=368049"}],"wp:term":[{"taxonomy":"product_brand","embeddable":true,"href":"https:\/\/maisoncleo.com\/fr\/wp-json\/wp\/v2\/product_brand?post=368049"},{"taxonomy":"product_cat","embeddable":true,"href":"https:\/\/maisoncleo.com\/fr\/wp-json\/wp\/v2\/product_cat?post=368049"},{"taxonomy":"product_tag","embeddable":true,"href":"https:\/\/maisoncleo.com\/fr\/wp-json\/wp\/v2\/product_tag?post=368049"}],"curies":[{"name":"wp","href":"https:\/\/api.w.org\/{rel}","templated":true}]}}