{"id":368048,"date":"2024-09-10T10:59:32","date_gmt":"2024-09-10T17:20:23","guid":{"rendered":"https:\/\/maisoncleo.com\/\/?post_type=product&#038;p=368048"},"modified":"2024-11-13T16:02:03","modified_gmt":"2024-11-13T14:02:03","slug":"porte-cles-la-badoule","status":"publish","type":"product","link":"https:\/\/maisoncleo.com\/fr\/shop\/porte-cles-la-badoule\/","title":{"rendered":"Porte cl\u00e9s LA BADOULE"},"content":{"rendered":"<p>Porte cl\u00e9 color\u00e9 LA BADOULE.<\/p>\n<p>Choisissez votre couleur pr\u00e9f\u00e9r\u00e9e, \u00e0 accrocher sur le c\u00f4t\u00e9 du sac \u00ab\u00a0La Badoule\u00a0\u00bb ou\/et \u00e0 utiliser pour y attacher toutes vos cl\u00e9s!<\/p>\n<p>\u00ab\u00a0F*ck Fast Fashion\u00a0\u00bb \u00e9crit dans le dos du t-shirt.<\/p>\n<p>Fabriqu\u00e9 en France dans un petit atelier pr\u00e8s de Paris fabriquant des portes cl\u00e9s.<\/p>\n<p>&nbsp;<\/p>\n","protected":false},"excerpt":{"rendered":"<p>Porte cl\u00e9 color\u00e9 LA BADOULE. Choisissez votre couleur pr\u00e9f\u00e9r\u00e9e, \u00e0 accrocher sur le c\u00f4t\u00e9 du sac \u00ab\u00a0La Badoule\u00a0\u00bb ou\/et \u00e0 utiliser pour&hellip;<\/p>\n","protected":false},"featured_media":355474,"template":"","meta":[],"product_brand":[],"product_cat":[651,668,652,661],"product_tag":[],"class_list":{"0":"post-368048","1":"product","2":"type-product","3":"status-publish","4":"has-post-thumbnail","6":"product_cat-accessoires","7":"product_cat-capsule","8":"product_cat-sacs","9":"product_cat-tout-voir","11":"first","12":"instock","13":"taxable","14":"shipping-taxable","15":"purchasable","16":"product-type-variable"},"_links":{"self":[{"href":"https:\/\/maisoncleo.com\/fr\/wp-json\/wp\/v2\/product\/368048","targetHints":{"allow":["GET"]}}],"collection":[{"href":"https:\/\/maisoncleo.com\/fr\/wp-json\/wp\/v2\/product"}],"about":[{"href":"https:\/\/maisoncleo.com\/fr\/wp-json\/wp\/v2\/types\/product"}],"version-history":[{"count":1,"href":"https:\/\/maisoncleo.com\/fr\/wp-json\/wp\/v2\/product\/368048\/revisions"}],"predecessor-version":[{"id":368083,"href":"https:\/\/maisoncleo.com\/fr\/wp-json\/wp\/v2\/product\/368048\/revisions\/368083"}],"wp:featuredmedia":[{"embeddable":true,"href":"https:\/\/maisoncleo.com\/fr\/wp-json\/wp\/v2\/media\/355474"}],"wp:attachment":[{"href":"https:\/\/maisoncleo.com\/fr\/wp-json\/wp\/v2\/media?parent=368048"}],"wp:term":[{"taxonomy":"product_brand","embeddable":true,"href":"https:\/\/maisoncleo.com\/fr\/wp-json\/wp\/v2\/product_brand?post=368048"},{"taxonomy":"product_cat","embeddable":true,"href":"https:\/\/maisoncleo.com\/fr\/wp-json\/wp\/v2\/product_cat?post=368048"},{"taxonomy":"product_tag","embeddable":true,"href":"https:\/\/maisoncleo.com\/fr\/wp-json\/wp\/v2\/product_tag?post=368048"}],"curies":[{"name":"wp","href":"https:\/\/api.w.org\/{rel}","templated":true}]}}