{"id":368005,"date":"2024-09-10T10:56:38","date_gmt":"2024-09-10T17:19:14","guid":{"rendered":"https:\/\/maisoncleo.com\/\/?post_type=product&#038;p=368005"},"modified":"2024-09-10T21:27:03","modified_gmt":"2024-09-10T19:27:03","slug":"la-badoule-look-2-jupe-mi-longue-en-coton-leger-bordee-de-dentelle-azra","status":"publish","type":"product","link":"https:\/\/maisoncleo.com\/fr\/shop\/la-badoule-look-2-jupe-mi-longue-en-coton-leger-bordee-de-dentelle-azra\/","title":{"rendered":"LA BADOULE LOOK 2 &#8211; Jupe mi-longue en coton l\u00e9ger bord\u00e9e de dentelle AZRA"},"content":{"rendered":"<p>Jupe mi-longue en coton l\u00e9ger bord\u00e9e de dentelle.<\/p>\n<p>Haut de la jupe doubl\u00e9. Bordure de dentelle de Calais dans le bas. Coton l\u00e9ger et agr\u00e9able au toucher. Fermeture \u00e9clair sur le c\u00f4t\u00e9.<\/p>\n<p>LOOK 2 de notre pr\u00e9 collection printemps \u00e9t\u00e9 \u201cLa BADOULE\u201d.<\/p>\n<p>Longueur \u00e0 plat : 72 cm.<\/p>\n<p>La mod\u00e8le mesure 1m74 et porte une taille S\/36.<\/p>\n","protected":false},"excerpt":{"rendered":"<p>Jupe mi-longue en coton l\u00e9ger bord\u00e9e de dentelle. Haut de la jupe doubl\u00e9. Bordure de dentelle de Calais dans le bas. Coton&hellip;<\/p>\n","protected":false},"featured_media":355372,"template":"","meta":[],"product_brand":[],"product_cat":[663,672,668,661],"product_tag":[],"class_list":{"0":"post-368005","1":"product","2":"type-product","3":"status-publish","4":"has-post-thumbnail","6":"product_cat-blouses","7":"product_cat-jupes","8":"product_cat-capsule","9":"product_cat-tout-voir","10":"pa_taille-l-40-2","11":"pa_taille-m-38-2","12":"pa_taille-s-36-2","13":"pa_taille-sur-mesure-fr-2","14":"pa_taille-xl-42-fr-2","15":"pa_taille-xs-34-2","17":"first","18":"instock","19":"taxable","20":"shipping-taxable","21":"purchasable","22":"product-type-variable"},"_links":{"self":[{"href":"https:\/\/maisoncleo.com\/fr\/wp-json\/wp\/v2\/product\/368005","targetHints":{"allow":["GET"]}}],"collection":[{"href":"https:\/\/maisoncleo.com\/fr\/wp-json\/wp\/v2\/product"}],"about":[{"href":"https:\/\/maisoncleo.com\/fr\/wp-json\/wp\/v2\/types\/product"}],"version-history":[{"count":1,"href":"https:\/\/maisoncleo.com\/fr\/wp-json\/wp\/v2\/product\/368005\/revisions"}],"predecessor-version":[{"id":368037,"href":"https:\/\/maisoncleo.com\/fr\/wp-json\/wp\/v2\/product\/368005\/revisions\/368037"}],"wp:featuredmedia":[{"embeddable":true,"href":"https:\/\/maisoncleo.com\/fr\/wp-json\/wp\/v2\/media\/355372"}],"wp:attachment":[{"href":"https:\/\/maisoncleo.com\/fr\/wp-json\/wp\/v2\/media?parent=368005"}],"wp:term":[{"taxonomy":"product_brand","embeddable":true,"href":"https:\/\/maisoncleo.com\/fr\/wp-json\/wp\/v2\/product_brand?post=368005"},{"taxonomy":"product_cat","embeddable":true,"href":"https:\/\/maisoncleo.com\/fr\/wp-json\/wp\/v2\/product_cat?post=368005"},{"taxonomy":"product_tag","embeddable":true,"href":"https:\/\/maisoncleo.com\/fr\/wp-json\/wp\/v2\/product_tag?post=368005"}],"curies":[{"name":"wp","href":"https:\/\/api.w.org\/{rel}","templated":true}]}}