{"id":367977,"date":"2024-09-10T10:55:44","date_gmt":"2024-09-10T17:18:24","guid":{"rendered":"https:\/\/maisoncleo.com\/\/?post_type=product&#038;p=367977"},"modified":"2024-09-10T21:26:57","modified_gmt":"2024-09-10T19:26:57","slug":"ready-to-ship-mini-jupe-trapeze-avec-fente-arrondie-en-vynil-blanc","status":"publish","type":"product","link":"https:\/\/maisoncleo.com\/fr\/shop\/ready-to-ship-mini-jupe-trapeze-avec-fente-arrondie-en-vynil-blanc\/","title":{"rendered":"READY TO SHIP &#8211; Mini jupe trap\u00e8ze avec fente arrondie en vynil blanc"},"content":{"rendered":"<p>Mini jupe trap\u00e8ze avec fente arrondie en vynil blanc.<\/p>\n<p>Tissu provenant d&rsquo;une marque de Couture fran\u00e7aise.<\/p>\n<p>taille haute, coupe trap\u00e8ze, fermeture \u00e9clair dans le dos.<\/p>\n<p>A porter en ensemble avec notre veste assortie!<\/p>\n","protected":false},"excerpt":{"rendered":"<p>Mini jupe trap\u00e8ze avec fente arrondie en vynil blanc. Tissu provenant d&rsquo;une marque de Couture fran\u00e7aise. taille haute, coupe trap\u00e8ze, fermeture \u00e9clair&hellip;<\/p>\n","protected":false},"featured_media":355139,"template":"","meta":[],"product_brand":[],"product_cat":[913],"product_tag":[],"class_list":{"0":"post-367977","1":"product","2":"type-product","3":"status-publish","4":"has-post-thumbnail","6":"product_cat-ready-to-ship","7":"pa_taille-l-40-2","8":"pa_taille-m-38-2","9":"pa_taille-s-36-2","10":"pa_taille-sur-mesure-fr-2","11":"pa_taille-xl-42-fr-2","12":"pa_taille-xs-34-2","14":"first","15":"instock","16":"taxable","17":"shipping-taxable","18":"purchasable","19":"product-type-variable"},"_links":{"self":[{"href":"https:\/\/maisoncleo.com\/fr\/wp-json\/wp\/v2\/product\/367977","targetHints":{"allow":["GET"]}}],"collection":[{"href":"https:\/\/maisoncleo.com\/fr\/wp-json\/wp\/v2\/product"}],"about":[{"href":"https:\/\/maisoncleo.com\/fr\/wp-json\/wp\/v2\/types\/product"}],"version-history":[{"count":1,"href":"https:\/\/maisoncleo.com\/fr\/wp-json\/wp\/v2\/product\/367977\/revisions"}],"predecessor-version":[{"id":368011,"href":"https:\/\/maisoncleo.com\/fr\/wp-json\/wp\/v2\/product\/367977\/revisions\/368011"}],"wp:featuredmedia":[{"embeddable":true,"href":"https:\/\/maisoncleo.com\/fr\/wp-json\/wp\/v2\/media\/355139"}],"wp:attachment":[{"href":"https:\/\/maisoncleo.com\/fr\/wp-json\/wp\/v2\/media?parent=367977"}],"wp:term":[{"taxonomy":"product_brand","embeddable":true,"href":"https:\/\/maisoncleo.com\/fr\/wp-json\/wp\/v2\/product_brand?post=367977"},{"taxonomy":"product_cat","embeddable":true,"href":"https:\/\/maisoncleo.com\/fr\/wp-json\/wp\/v2\/product_cat?post=367977"},{"taxonomy":"product_tag","embeddable":true,"href":"https:\/\/maisoncleo.com\/fr\/wp-json\/wp\/v2\/product_tag?post=367977"}],"curies":[{"name":"wp","href":"https:\/\/api.w.org\/{rel}","templated":true}]}}