{"id":367975,"date":"2024-09-10T10:55:44","date_gmt":"2024-09-10T17:18:24","guid":{"rendered":"https:\/\/maisoncleo.com\/\/?post_type=product&#038;p=367975"},"modified":"2024-09-10T21:26:56","modified_gmt":"2024-09-10T19:26:56","slug":"ready-to-ship-mini-jupe-trapeze-en-laine-a-carreaux-vert-et-noir","status":"publish","type":"product","link":"https:\/\/maisoncleo.com\/fr\/shop\/ready-to-ship-mini-jupe-trapeze-en-laine-a-carreaux-vert-et-noir\/","title":{"rendered":"READY TO SHIP &#8211; Mini jupe trap\u00e8ze en laine \u00e0 carreaux vert et noir"},"content":{"rendered":"<p>Mini jupe trap\u00e8ze en laine \u00e0 carreaux vert et noir.<\/p>\n<p>Coupe l\u00e9g\u00e8rement trap\u00e8ze, taille haute, fermeture \u00e9clair dans le dos.<\/p>\n<p>Sublime tissu en laine \u00e9paisse \u00e0 carreaux provenant de notre marque pr\u00e9f\u00e9r\u00e9e de Haute-Couture italienne \ud83d\ude09<\/p>\n<p>Longueur : 37 cm. A ajuster selon votre pr\u00e9f\u00e9rence.<\/p>\n<p>La mod\u00e8le mesure 1,75m et porte une taille S\/36.<\/p>\n","protected":false},"excerpt":{"rendered":"<p>Mini jupe trap\u00e8ze en laine \u00e0 carreaux vert et noir. Coupe l\u00e9g\u00e8rement trap\u00e8ze, taille haute, fermeture \u00e9clair dans le dos. Sublime tissu&hellip;<\/p>\n","protected":false},"featured_media":355101,"template":"","meta":[],"product_brand":[],"product_cat":[913],"product_tag":[],"class_list":{"0":"post-367975","1":"product","2":"type-product","3":"status-publish","4":"has-post-thumbnail","6":"product_cat-ready-to-ship","7":"pa_taille-l-40-2","8":"pa_taille-m-38-2","9":"pa_taille-s-36-2","10":"pa_taille-sur-mesure-fr-2","11":"pa_taille-xl-42-fr-2","12":"pa_taille-xs-34-2","14":"first","15":"instock","16":"taxable","17":"shipping-taxable","18":"purchasable","19":"product-type-variable"},"_links":{"self":[{"href":"https:\/\/maisoncleo.com\/fr\/wp-json\/wp\/v2\/product\/367975","targetHints":{"allow":["GET"]}}],"collection":[{"href":"https:\/\/maisoncleo.com\/fr\/wp-json\/wp\/v2\/product"}],"about":[{"href":"https:\/\/maisoncleo.com\/fr\/wp-json\/wp\/v2\/types\/product"}],"version-history":[{"count":1,"href":"https:\/\/maisoncleo.com\/fr\/wp-json\/wp\/v2\/product\/367975\/revisions"}],"predecessor-version":[{"id":368010,"href":"https:\/\/maisoncleo.com\/fr\/wp-json\/wp\/v2\/product\/367975\/revisions\/368010"}],"wp:featuredmedia":[{"embeddable":true,"href":"https:\/\/maisoncleo.com\/fr\/wp-json\/wp\/v2\/media\/355101"}],"wp:attachment":[{"href":"https:\/\/maisoncleo.com\/fr\/wp-json\/wp\/v2\/media?parent=367975"}],"wp:term":[{"taxonomy":"product_brand","embeddable":true,"href":"https:\/\/maisoncleo.com\/fr\/wp-json\/wp\/v2\/product_brand?post=367975"},{"taxonomy":"product_cat","embeddable":true,"href":"https:\/\/maisoncleo.com\/fr\/wp-json\/wp\/v2\/product_cat?post=367975"},{"taxonomy":"product_tag","embeddable":true,"href":"https:\/\/maisoncleo.com\/fr\/wp-json\/wp\/v2\/product_tag?post=367975"}],"curies":[{"name":"wp","href":"https:\/\/api.w.org\/{rel}","templated":true}]}}