{"id":367910,"date":"2024-09-10T10:50:36","date_gmt":"2024-09-10T17:16:23","guid":{"rendered":"https:\/\/maisoncleo.com\/\/?post_type=product&#038;p=367910"},"modified":"2024-09-10T21:26:35","modified_gmt":"2024-09-10T19:26:35","slug":"mini-jupe-trapeze-bleu-marine-en-laine-avec-fente-arrondie","status":"publish","type":"product","link":"https:\/\/maisoncleo.com\/fr\/shop\/mini-jupe-trapeze-bleu-marine-en-laine-avec-fente-arrondie\/","title":{"rendered":"Mini jupe trap\u00e8ze bleu marine en laine avec fente arrondie"},"content":{"rendered":"<p>Mini jupe trap\u00e8ze bleu marine en laine avec fente arrondie.<\/p>\n<p>Fermeture \u00e9clair dans le dos.<\/p>\n<p>Longueur : 37cm, longueur \u00e0 ajuster \u00e0 votre convenance.<\/p>\n<p>La mod\u00e8le mesure 1,75m et porte une taille S\/36.<\/p>\n","protected":false},"excerpt":{"rendered":"<p>Mini jupe trap\u00e8ze bleu marine en laine avec fente arrondie. Fermeture \u00e9clair dans le dos. Longueur : 37cm, longueur \u00e0 ajuster \u00e0&hellip;<\/p>\n","protected":false},"featured_media":355221,"template":"","meta":[],"product_brand":[],"product_cat":[667,672,661],"product_tag":[],"class_list":{"0":"post-367910","1":"product","2":"type-product","3":"status-publish","4":"has-post-thumbnail","6":"product_cat-dernieres-pieces","7":"product_cat-jupes","8":"product_cat-tout-voir","9":"pa_taille-l-40-2","10":"pa_taille-m-38-2","11":"pa_taille-s-36-2","12":"pa_taille-sur-mesure-fr-2","13":"pa_taille-xl-42-fr-2","14":"pa_taille-xs-34-2","16":"first","17":"instock","18":"taxable","19":"shipping-taxable","20":"purchasable","21":"product-type-variable"},"_links":{"self":[{"href":"https:\/\/maisoncleo.com\/fr\/wp-json\/wp\/v2\/product\/367910","targetHints":{"allow":["GET"]}}],"collection":[{"href":"https:\/\/maisoncleo.com\/fr\/wp-json\/wp\/v2\/product"}],"about":[{"href":"https:\/\/maisoncleo.com\/fr\/wp-json\/wp\/v2\/types\/product"}],"version-history":[{"count":1,"href":"https:\/\/maisoncleo.com\/fr\/wp-json\/wp\/v2\/product\/367910\/revisions"}],"predecessor-version":[{"id":367927,"href":"https:\/\/maisoncleo.com\/fr\/wp-json\/wp\/v2\/product\/367910\/revisions\/367927"}],"wp:featuredmedia":[{"embeddable":true,"href":"https:\/\/maisoncleo.com\/fr\/wp-json\/wp\/v2\/media\/355221"}],"wp:attachment":[{"href":"https:\/\/maisoncleo.com\/fr\/wp-json\/wp\/v2\/media?parent=367910"}],"wp:term":[{"taxonomy":"product_brand","embeddable":true,"href":"https:\/\/maisoncleo.com\/fr\/wp-json\/wp\/v2\/product_brand?post=367910"},{"taxonomy":"product_cat","embeddable":true,"href":"https:\/\/maisoncleo.com\/fr\/wp-json\/wp\/v2\/product_cat?post=367910"},{"taxonomy":"product_tag","embeddable":true,"href":"https:\/\/maisoncleo.com\/fr\/wp-json\/wp\/v2\/product_tag?post=367910"}],"curies":[{"name":"wp","href":"https:\/\/api.w.org\/{rel}","templated":true}]}}