{"id":367895,"date":"2024-09-10T10:49:08","date_gmt":"2024-09-10T17:16:00","guid":{"rendered":"https:\/\/maisoncleo.com\/\/?post_type=product&#038;p=367895"},"modified":"2024-09-10T21:26:33","modified_gmt":"2024-09-10T19:26:33","slug":"veste-ajustee-a-carreaux-marrons-avec-fausse-fourrure-ecrue-bouclee","status":"publish","type":"product","link":"https:\/\/maisoncleo.com\/fr\/shop\/veste-ajustee-a-carreaux-marrons-avec-fausse-fourrure-ecrue-bouclee\/","title":{"rendered":"Veste ajust\u00e9e \u00e0 carreaux marrons avec fausse fourrure \u00e9crue boucl\u00e9e"},"content":{"rendered":"<p>Veste ajust\u00e9e \u00e0 carreaux marrons avec fausse fourrure \u00e9crue boucl\u00e9e.<\/p>\n<p>Tissu de haute qualit\u00e9 provenant d&rsquo;une maison de Haute-Couture fran\u00e7aise.<\/p>\n<p>Coupe ajust\u00e9e, manches longues, fermeture avec 3 boutons vintage \u00e9crus sur le devant, fausse fourrure agneau de Mongolie sur le col.<\/p>\n<p>A porter en ensemble avec notre jupe assortie.<\/p>\n<p>La mod\u00e8le mesure 1,75m et porte une taille S\/36.<\/p>\n","protected":false},"excerpt":{"rendered":"<p>Veste ajust\u00e9e \u00e0 carreaux marrons avec fausse fourrure \u00e9crue boucl\u00e9e. Tissu de haute qualit\u00e9 provenant d&rsquo;une maison de Haute-Couture fran\u00e7aise. Coupe ajust\u00e9e,&hellip;<\/p>\n","protected":false},"featured_media":355181,"template":"","meta":[],"product_brand":[],"product_cat":[667,661,665],"product_tag":[],"class_list":{"0":"post-367895","1":"product","2":"type-product","3":"status-publish","4":"has-post-thumbnail","6":"product_cat-dernieres-pieces","7":"product_cat-tout-voir","8":"product_cat-vestes-manteaux","9":"pa_taille-l-40-2","10":"pa_taille-m-38-2","11":"pa_taille-s-36-2","12":"pa_taille-sur-mesure-fr-2","13":"pa_taille-xl-42-fr-2","14":"pa_taille-xs-34-2","16":"first","17":"outofstock","18":"taxable","19":"shipping-taxable","20":"purchasable","21":"product-type-variable"},"_links":{"self":[{"href":"https:\/\/maisoncleo.com\/fr\/wp-json\/wp\/v2\/product\/367895","targetHints":{"allow":["GET"]}}],"collection":[{"href":"https:\/\/maisoncleo.com\/fr\/wp-json\/wp\/v2\/product"}],"about":[{"href":"https:\/\/maisoncleo.com\/fr\/wp-json\/wp\/v2\/types\/product"}],"version-history":[{"count":1,"href":"https:\/\/maisoncleo.com\/fr\/wp-json\/wp\/v2\/product\/367895\/revisions"}],"predecessor-version":[{"id":367926,"href":"https:\/\/maisoncleo.com\/fr\/wp-json\/wp\/v2\/product\/367895\/revisions\/367926"}],"wp:featuredmedia":[{"embeddable":true,"href":"https:\/\/maisoncleo.com\/fr\/wp-json\/wp\/v2\/media\/355181"}],"wp:attachment":[{"href":"https:\/\/maisoncleo.com\/fr\/wp-json\/wp\/v2\/media?parent=367895"}],"wp:term":[{"taxonomy":"product_brand","embeddable":true,"href":"https:\/\/maisoncleo.com\/fr\/wp-json\/wp\/v2\/product_brand?post=367895"},{"taxonomy":"product_cat","embeddable":true,"href":"https:\/\/maisoncleo.com\/fr\/wp-json\/wp\/v2\/product_cat?post=367895"},{"taxonomy":"product_tag","embeddable":true,"href":"https:\/\/maisoncleo.com\/fr\/wp-json\/wp\/v2\/product_tag?post=367895"}],"curies":[{"name":"wp","href":"https:\/\/api.w.org\/{rel}","templated":true}]}}