{"id":367894,"date":"2024-09-10T10:49:08","date_gmt":"2024-09-10T17:16:00","guid":{"rendered":"https:\/\/maisoncleo.com\/\/?post_type=product&#038;p=367894"},"modified":"2024-09-10T21:26:31","modified_gmt":"2024-09-10T19:26:31","slug":"mini-jupe-a-carreaux-marrons-trapeze","status":"publish","type":"product","link":"https:\/\/maisoncleo.com\/fr\/shop\/mini-jupe-a-carreaux-marrons-trapeze\/","title":{"rendered":"Mini jupe \u00e0 carreaux marrons trapeze"},"content":{"rendered":"<p>Mini jupe \u00e0 carreaux marrons trapeze.<\/p>\n<p>Tissu provenant d&rsquo;une maison de Couture fran\u00e7aise, de tr\u00e8s haute qualit\u00e9.<\/p>\n<p>Fermeture \u00e9clair dans le dos.<\/p>\n<p>A porter en ensemble avec notre veste assortie!<\/p>\n<p>La mod\u00e8le mesure 1,75m et porte une taille S\/36.<\/p>\n","protected":false},"excerpt":{"rendered":"<p>Mini jupe \u00e0 carreaux marrons trapeze. Tissu provenant d&rsquo;une maison de Couture fran\u00e7aise, de tr\u00e8s haute qualit\u00e9. Fermeture \u00e9clair dans le dos.&hellip;<\/p>\n","protected":false},"featured_media":355176,"template":"","meta":[],"product_brand":[],"product_cat":[672,668,661],"product_tag":[],"class_list":{"0":"post-367894","1":"product","2":"type-product","3":"status-publish","4":"has-post-thumbnail","6":"product_cat-jupes","7":"product_cat-capsule","8":"product_cat-tout-voir","9":"pa_taille-l-40-2","10":"pa_taille-m-38-2","11":"pa_taille-s-36-2","12":"pa_taille-sur-mesure-fr-2","13":"pa_taille-xl-42-fr-2","14":"pa_taille-xs-34-2","16":"first","17":"outofstock","18":"taxable","19":"shipping-taxable","20":"purchasable","21":"product-type-variable"},"_links":{"self":[{"href":"https:\/\/maisoncleo.com\/fr\/wp-json\/wp\/v2\/product\/367894","targetHints":{"allow":["GET"]}}],"collection":[{"href":"https:\/\/maisoncleo.com\/fr\/wp-json\/wp\/v2\/product"}],"about":[{"href":"https:\/\/maisoncleo.com\/fr\/wp-json\/wp\/v2\/types\/product"}],"version-history":[{"count":1,"href":"https:\/\/maisoncleo.com\/fr\/wp-json\/wp\/v2\/product\/367894\/revisions"}],"predecessor-version":[{"id":367916,"href":"https:\/\/maisoncleo.com\/fr\/wp-json\/wp\/v2\/product\/367894\/revisions\/367916"}],"wp:featuredmedia":[{"embeddable":true,"href":"https:\/\/maisoncleo.com\/fr\/wp-json\/wp\/v2\/media\/355176"}],"wp:attachment":[{"href":"https:\/\/maisoncleo.com\/fr\/wp-json\/wp\/v2\/media?parent=367894"}],"wp:term":[{"taxonomy":"product_brand","embeddable":true,"href":"https:\/\/maisoncleo.com\/fr\/wp-json\/wp\/v2\/product_brand?post=367894"},{"taxonomy":"product_cat","embeddable":true,"href":"https:\/\/maisoncleo.com\/fr\/wp-json\/wp\/v2\/product_cat?post=367894"},{"taxonomy":"product_tag","embeddable":true,"href":"https:\/\/maisoncleo.com\/fr\/wp-json\/wp\/v2\/product_tag?post=367894"}],"curies":[{"name":"wp","href":"https:\/\/api.w.org\/{rel}","templated":true}]}}