{"id":367878,"date":"2024-09-10T10:47:22","date_gmt":"2024-09-10T17:15:37","guid":{"rendered":"https:\/\/maisoncleo.com\/\/?post_type=product&#038;p=367878"},"modified":"2024-09-10T21:26:30","modified_gmt":"2024-09-10T19:26:30","slug":"veste-en-vynil-blanc-avec-col-en-fausse-fourrure-blanc","status":"publish","type":"product","link":"https:\/\/maisoncleo.com\/fr\/shop\/veste-en-vynil-blanc-avec-col-en-fausse-fourrure-blanc\/","title":{"rendered":"Veste en vynil blanc avec col en fausse fourrure blanc"},"content":{"rendered":"<p>Veste en vynil blanc avec col en fausse fourrure blanc.<\/p>\n<p>Tissu en vynil provenant d&rsquo;une marque de Couture fran\u00e7aise.<\/p>\n<p>Coupe ajust\u00e9e, manches longues, fermeture avec 3 boutons g\u00e9om\u00e9trique vintage en 3D sur le devant, fausse fourrure blanche aux manches et col.<\/p>\n<p>A porter en ensemble avec notre jupe en vynil assortie!<\/p>\n<p>La mod\u00e8le mesure 1,75m et porte une taille S\/36.<\/p>\n","protected":false},"excerpt":{"rendered":"<p>Veste en vynil blanc avec col en fausse fourrure blanc. Tissu en vynil provenant d&rsquo;une marque de Couture fran\u00e7aise. Coupe ajust\u00e9e, manches&hellip;<\/p>\n","protected":false},"featured_media":355150,"template":"","meta":[],"product_brand":[],"product_cat":[667,661,665],"product_tag":[],"class_list":{"0":"post-367878","1":"product","2":"type-product","3":"status-publish","4":"has-post-thumbnail","6":"product_cat-dernieres-pieces","7":"product_cat-tout-voir","8":"product_cat-vestes-manteaux","9":"pa_taille-l-40-2","10":"pa_taille-m-38-2","11":"pa_taille-s-36-2","12":"pa_taille-sur-mesure-fr-2","13":"pa_taille-xl-42-fr-2","14":"pa_taille-xs-34-2","16":"first","17":"instock","18":"taxable","19":"shipping-taxable","20":"purchasable","21":"product-type-variable"},"_links":{"self":[{"href":"https:\/\/maisoncleo.com\/fr\/wp-json\/wp\/v2\/product\/367878","targetHints":{"allow":["GET"]}}],"collection":[{"href":"https:\/\/maisoncleo.com\/fr\/wp-json\/wp\/v2\/product"}],"about":[{"href":"https:\/\/maisoncleo.com\/fr\/wp-json\/wp\/v2\/types\/product"}],"version-history":[{"count":1,"href":"https:\/\/maisoncleo.com\/fr\/wp-json\/wp\/v2\/product\/367878\/revisions"}],"predecessor-version":[{"id":367915,"href":"https:\/\/maisoncleo.com\/fr\/wp-json\/wp\/v2\/product\/367878\/revisions\/367915"}],"wp:featuredmedia":[{"embeddable":true,"href":"https:\/\/maisoncleo.com\/fr\/wp-json\/wp\/v2\/media\/355150"}],"wp:attachment":[{"href":"https:\/\/maisoncleo.com\/fr\/wp-json\/wp\/v2\/media?parent=367878"}],"wp:term":[{"taxonomy":"product_brand","embeddable":true,"href":"https:\/\/maisoncleo.com\/fr\/wp-json\/wp\/v2\/product_brand?post=367878"},{"taxonomy":"product_cat","embeddable":true,"href":"https:\/\/maisoncleo.com\/fr\/wp-json\/wp\/v2\/product_cat?post=367878"},{"taxonomy":"product_tag","embeddable":true,"href":"https:\/\/maisoncleo.com\/fr\/wp-json\/wp\/v2\/product_tag?post=367878"}],"curies":[{"name":"wp","href":"https:\/\/api.w.org\/{rel}","templated":true}]}}