{"id":367855,"date":"2024-09-10T10:46:01","date_gmt":"2024-09-10T17:14:51","guid":{"rendered":"https:\/\/maisoncleo.com\/\/?post_type=product&#038;p=367855"},"modified":"2024-09-10T21:26:26","modified_gmt":"2024-09-10T19:26:26","slug":"blouse-leah-manches-longues-bouffantes-leopard","status":"publish","type":"product","link":"https:\/\/maisoncleo.com\/fr\/shop\/blouse-leah-manches-longues-bouffantes-leopard\/","title":{"rendered":"Blouse Leah manches longues bouffantes l\u00e9opard"},"content":{"rendered":"<p>Notre blouse Leah dans une version l\u00e9opard!<\/p>\n<p>Tissu en laine et c\u00f4t\u00e9 m\u00e9lang\u00e9 doux et mi-\u00e9pais.<\/p>\n<p>Manches longues bouffantes, trois liens sur le devant, larges poignets, double grand col pointu. <\/p>\n<p>Tissu limit\u00e9. Nous pouvons faire 2 blouses dans cette quantit\u00e9 de tissu que nous avons.<\/p>\n","protected":false},"excerpt":{"rendered":"<p>Notre blouse Leah dans une version l\u00e9opard! Tissu en laine et c\u00f4t\u00e9 m\u00e9lang\u00e9 doux et mi-\u00e9pais. Manches longues bouffantes, trois liens sur&hellip;<\/p>\n","protected":false},"featured_media":355092,"template":"","meta":[],"product_brand":[],"product_cat":[663,667,661],"product_tag":[],"class_list":{"0":"post-367855","1":"product","2":"type-product","3":"status-publish","4":"has-post-thumbnail","6":"product_cat-blouses","7":"product_cat-dernieres-pieces","8":"product_cat-tout-voir","9":"pa_taille-l-40-2","10":"pa_taille-m-38-2","11":"pa_taille-s-36-2","12":"pa_taille-sur-mesure-fr-2","13":"pa_taille-xl-42-fr-2","14":"pa_taille-xs-34-2","16":"first","17":"outofstock","18":"taxable","19":"shipping-taxable","20":"purchasable","21":"product-type-variable"},"_links":{"self":[{"href":"https:\/\/maisoncleo.com\/fr\/wp-json\/wp\/v2\/product\/367855","targetHints":{"allow":["GET"]}}],"collection":[{"href":"https:\/\/maisoncleo.com\/fr\/wp-json\/wp\/v2\/product"}],"about":[{"href":"https:\/\/maisoncleo.com\/fr\/wp-json\/wp\/v2\/types\/product"}],"version-history":[{"count":1,"href":"https:\/\/maisoncleo.com\/fr\/wp-json\/wp\/v2\/product\/367855\/revisions"}],"predecessor-version":[{"id":367887,"href":"https:\/\/maisoncleo.com\/fr\/wp-json\/wp\/v2\/product\/367855\/revisions\/367887"}],"wp:featuredmedia":[{"embeddable":true,"href":"https:\/\/maisoncleo.com\/fr\/wp-json\/wp\/v2\/media\/355092"}],"wp:attachment":[{"href":"https:\/\/maisoncleo.com\/fr\/wp-json\/wp\/v2\/media?parent=367855"}],"wp:term":[{"taxonomy":"product_brand","embeddable":true,"href":"https:\/\/maisoncleo.com\/fr\/wp-json\/wp\/v2\/product_brand?post=367855"},{"taxonomy":"product_cat","embeddable":true,"href":"https:\/\/maisoncleo.com\/fr\/wp-json\/wp\/v2\/product_cat?post=367855"},{"taxonomy":"product_tag","embeddable":true,"href":"https:\/\/maisoncleo.com\/fr\/wp-json\/wp\/v2\/product_tag?post=367855"}],"curies":[{"name":"wp","href":"https:\/\/api.w.org\/{rel}","templated":true}]}}