{"id":367854,"date":"2024-09-10T10:46:01","date_gmt":"2024-09-10T17:14:51","guid":{"rendered":"https:\/\/maisoncleo.com\/\/?post_type=product&#038;p=367854"},"modified":"2024-09-10T21:26:25","modified_gmt":"2024-09-10T19:26:25","slug":"jupe-mi-longue-avec-fente-en-laine-melangee-leopard-yasha","status":"publish","type":"product","link":"https:\/\/maisoncleo.com\/fr\/shop\/jupe-mi-longue-avec-fente-en-laine-melangee-leopard-yasha\/","title":{"rendered":"Jupe mi-longue avec fente en laine m\u00e9lang\u00e9e l\u00e9opard YASHA"},"content":{"rendered":"<p>Jupe mi-longue avec fente en laine m\u00e9lang\u00e9e l\u00e9opard.<\/p>\n<p>Taille mi-haute, coupe ajust\u00e9e et droite, grande fente c\u00f4t\u00e9 sur le devant, fermeture \u00e9clair dans le dos.<\/p>\n<p>Mati\u00e8re coton et laine m\u00e9lang\u00e9.<\/p>\n<p>A porter en ensemble avec sa blouse Leah assortie!<\/p>\n<p>La mod\u00e8le mesure 1,75 m et porte une taille S\/36.<\/p>\n","protected":false},"excerpt":{"rendered":"<p>Jupe mi-longue avec fente en laine m\u00e9lang\u00e9e l\u00e9opard. Taille mi-haute, coupe ajust\u00e9e et droite, grande fente c\u00f4t\u00e9 sur le devant, fermeture \u00e9clair&hellip;<\/p>\n","protected":false},"featured_media":355083,"template":"","meta":[],"product_brand":[],"product_cat":[672,668,661],"product_tag":[],"class_list":{"0":"post-367854","1":"product","2":"type-product","3":"status-publish","4":"has-post-thumbnail","6":"product_cat-jupes","7":"product_cat-capsule","8":"product_cat-tout-voir","9":"pa_taille-l-40-2","10":"pa_taille-m-38-2","11":"pa_taille-s-36-2","12":"pa_taille-sur-mesure-fr-2","13":"pa_taille-xl-42-fr-2","14":"pa_taille-xs-34-2","16":"first","17":"outofstock","18":"taxable","19":"shipping-taxable","20":"purchasable","21":"product-type-variable","22":"has-default-attributes"},"_links":{"self":[{"href":"https:\/\/maisoncleo.com\/fr\/wp-json\/wp\/v2\/product\/367854","targetHints":{"allow":["GET"]}}],"collection":[{"href":"https:\/\/maisoncleo.com\/fr\/wp-json\/wp\/v2\/product"}],"about":[{"href":"https:\/\/maisoncleo.com\/fr\/wp-json\/wp\/v2\/types\/product"}],"version-history":[{"count":1,"href":"https:\/\/maisoncleo.com\/fr\/wp-json\/wp\/v2\/product\/367854\/revisions"}],"predecessor-version":[{"id":367873,"href":"https:\/\/maisoncleo.com\/fr\/wp-json\/wp\/v2\/product\/367854\/revisions\/367873"}],"wp:featuredmedia":[{"embeddable":true,"href":"https:\/\/maisoncleo.com\/fr\/wp-json\/wp\/v2\/media\/355083"}],"wp:attachment":[{"href":"https:\/\/maisoncleo.com\/fr\/wp-json\/wp\/v2\/media?parent=367854"}],"wp:term":[{"taxonomy":"product_brand","embeddable":true,"href":"https:\/\/maisoncleo.com\/fr\/wp-json\/wp\/v2\/product_brand?post=367854"},{"taxonomy":"product_cat","embeddable":true,"href":"https:\/\/maisoncleo.com\/fr\/wp-json\/wp\/v2\/product_cat?post=367854"},{"taxonomy":"product_tag","embeddable":true,"href":"https:\/\/maisoncleo.com\/fr\/wp-json\/wp\/v2\/product_tag?post=367854"}],"curies":[{"name":"wp","href":"https:\/\/api.w.org\/{rel}","templated":true}]}}