{"id":367839,"date":"2024-09-10T10:45:16","date_gmt":"2024-09-10T08:45:16","guid":{"rendered":"https:\/\/maisoncleo.com\/\/?post_type=product&#038;p=367839"},"modified":"2025-10-29T17:56:25","modified_gmt":"2025-10-29T15:56:25","slug":"jupe-sirene-longue-en-dentelle-de-calais-blanc-casse-fleurie-garance","status":"publish","type":"product","link":"https:\/\/maisoncleo.com\/fr\/shop\/jupe-sirene-longue-en-dentelle-de-calais-blanc-casse-fleurie-garance\/","title":{"rendered":"Jupe sir\u00e8ne longue en dentelle de Calais blanc cass\u00e9 fleurie GARANCE"},"content":{"rendered":"<p id=\"tw-target-text\" class=\"tw-data-text tw-text-large tw-ta\" dir=\"ltr\" data-placeholder=\"Traduction\">Jupe sir\u00e8ne longue en dentelle de Calais blanc cass\u00e9 fleurie.<\/p>\n<p dir=\"ltr\" data-placeholder=\"Traduction\">Motif d\u00e9licat de roses. Fermeture \u00e9clair dans le dos. Coupe ajust\u00e9e, l\u00e9g\u00e8rement \u00e9vas\u00e9e. Fentes de chaque c\u00f4t\u00e9. Magnifique effet dans la marche gr\u00e2ce \u00e0 la coupe et aux ouvertures!<\/p>\n<p>Nous pouvons ajuster la longueur comme vous le souhaitez, et d\u00e9j\u00e0 enlever au moins 10 cm pour ne pas que la jupe ne tra\u00eene par terre. Vos pr\u00e9f\u00e9rences sont \u00e0 indiquer dans les commentaires au moment du panier.<\/p>\n<p class=\"tw-data-text tw-text-large tw-ta\" dir=\"ltr\" data-placeholder=\"Traduction\"><span class=\"Y2IQFc\" lang=\"fr\">La mod\u00e8le mesure 1m75 et porte une taille S-36.<\/span><\/p>\n<p dir=\"ltr\" data-placeholder=\"Traduction\">Edit : Le tissu d\u2019origine visible sur les photos est maintenant sold out. A partir de maintenant, la jupe\/l\u2019ensemble est fait dans le tissu des deux derni\u00e8res photos, avec des petites fleurs! \ud83d\ude42<\/p>\n","protected":false},"excerpt":{"rendered":"<p>Jupe sir\u00e8ne longue en dentelle de Calais blanc cass\u00e9 fleurie. Motif d\u00e9licat de roses. Fermeture \u00e9clair dans le dos. Coupe ajust\u00e9e, l\u00e9g\u00e8rement&hellip;<\/p>\n","protected":false},"featured_media":355043,"template":"","meta":[],"product_brand":[],"product_cat":[672,958,668,661],"product_tag":[],"class_list":{"0":"post-367839","1":"product","2":"type-product","3":"status-publish","4":"has-post-thumbnail","6":"product_cat-jupes","7":"product_cat-mariage-selection","8":"product_cat-capsule","9":"product_cat-tout-voir","10":"pa_taille-l-40-2","11":"pa_taille-m-38-2","12":"pa_taille-s-36-2","13":"pa_taille-sur-mesure-fr-2","14":"pa_taille-xl-42-fr-2","15":"pa_taille-xs-34-2","17":"first","18":"instock","19":"taxable","20":"shipping-taxable","21":"purchasable","22":"product-type-variable"},"_links":{"self":[{"href":"https:\/\/maisoncleo.com\/fr\/wp-json\/wp\/v2\/product\/367839","targetHints":{"allow":["GET"]}}],"collection":[{"href":"https:\/\/maisoncleo.com\/fr\/wp-json\/wp\/v2\/product"}],"about":[{"href":"https:\/\/maisoncleo.com\/fr\/wp-json\/wp\/v2\/types\/product"}],"version-history":[{"count":3,"href":"https:\/\/maisoncleo.com\/fr\/wp-json\/wp\/v2\/product\/367839\/revisions"}],"predecessor-version":[{"id":393612,"href":"https:\/\/maisoncleo.com\/fr\/wp-json\/wp\/v2\/product\/367839\/revisions\/393612"}],"wp:featuredmedia":[{"embeddable":true,"href":"https:\/\/maisoncleo.com\/fr\/wp-json\/wp\/v2\/media\/355043"}],"wp:attachment":[{"href":"https:\/\/maisoncleo.com\/fr\/wp-json\/wp\/v2\/media?parent=367839"}],"wp:term":[{"taxonomy":"product_brand","embeddable":true,"href":"https:\/\/maisoncleo.com\/fr\/wp-json\/wp\/v2\/product_brand?post=367839"},{"taxonomy":"product_cat","embeddable":true,"href":"https:\/\/maisoncleo.com\/fr\/wp-json\/wp\/v2\/product_cat?post=367839"},{"taxonomy":"product_tag","embeddable":true,"href":"https:\/\/maisoncleo.com\/fr\/wp-json\/wp\/v2\/product_tag?post=367839"}],"curies":[{"name":"wp","href":"https:\/\/api.w.org\/{rel}","templated":true}]}}