{"id":367759,"date":"2024-09-10T10:30:37","date_gmt":"2024-09-10T17:11:28","guid":{"rendered":"https:\/\/maisoncleo.com\/\/?post_type=product&#038;p=367759"},"modified":"2024-09-10T21:26:14","modified_gmt":"2024-09-10T19:26:14","slug":"jupe-en-dentelle-noire-longueur-midi-avec-fente-doublee-soie-barbara-capsule-lamour","status":"publish","type":"product","link":"https:\/\/maisoncleo.com\/fr\/shop\/jupe-en-dentelle-noire-longueur-midi-avec-fente-doublee-soie-barbara-capsule-lamour\/","title":{"rendered":"Jupe en dentelle noire longueur midi avec fente doubl\u00e9e soie BARBARA &#8211; Capsule L&rsquo;AMOUR"},"content":{"rendered":"<p>Jupe longue en dentelle de Calais noire doubl\u00e9e en soie noire opaque, longue fente milieu dos, coupe ajust\u00e9e, l\u00e9g\u00e8rement \u00e9vas\u00e9e dans le bas.<br \/>\nL&rsquo;ouverture de la fente arri\u00e8re donne un mouvement en marchant.<br \/>\nFinition bourdon. Elastiqu\u00e9e \u00e0 la taille.<\/p>\n<p>La mod\u00e8le mesure 1m68 et porte une taille S-36.<\/p>\n","protected":false},"excerpt":{"rendered":"<p>Jupe longue en dentelle de Calais noire doubl\u00e9e en soie noire opaque, longue fente milieu dos, coupe ajust\u00e9e, l\u00e9g\u00e8rement \u00e9vas\u00e9e dans le&hellip;<\/p>\n","protected":false},"featured_media":354861,"template":"","meta":[],"product_brand":[],"product_cat":[669,672,668,661],"product_tag":[],"class_list":{"0":"post-367759","1":"product","2":"type-product","3":"status-publish","4":"has-post-thumbnail","6":"product_cat-always-buyable-fr","7":"product_cat-jupes","8":"product_cat-capsule","9":"product_cat-tout-voir","10":"pa_taille-l-40-2","11":"pa_taille-m-38-2","12":"pa_taille-s-36-2","13":"pa_taille-sur-mesure-fr-2","14":"pa_taille-xl-42-fr-2","15":"pa_taille-xs-34-2","17":"first","18":"instock","19":"taxable","20":"shipping-taxable","21":"purchasable","22":"product-type-variable"},"_links":{"self":[{"href":"https:\/\/maisoncleo.com\/fr\/wp-json\/wp\/v2\/product\/367759","targetHints":{"allow":["GET"]}}],"collection":[{"href":"https:\/\/maisoncleo.com\/fr\/wp-json\/wp\/v2\/product"}],"about":[{"href":"https:\/\/maisoncleo.com\/fr\/wp-json\/wp\/v2\/types\/product"}],"version-history":[{"count":1,"href":"https:\/\/maisoncleo.com\/fr\/wp-json\/wp\/v2\/product\/367759\/revisions"}],"predecessor-version":[{"id":367795,"href":"https:\/\/maisoncleo.com\/fr\/wp-json\/wp\/v2\/product\/367759\/revisions\/367795"}],"wp:featuredmedia":[{"embeddable":true,"href":"https:\/\/maisoncleo.com\/fr\/wp-json\/wp\/v2\/media\/354861"}],"wp:attachment":[{"href":"https:\/\/maisoncleo.com\/fr\/wp-json\/wp\/v2\/media?parent=367759"}],"wp:term":[{"taxonomy":"product_brand","embeddable":true,"href":"https:\/\/maisoncleo.com\/fr\/wp-json\/wp\/v2\/product_brand?post=367759"},{"taxonomy":"product_cat","embeddable":true,"href":"https:\/\/maisoncleo.com\/fr\/wp-json\/wp\/v2\/product_cat?post=367759"},{"taxonomy":"product_tag","embeddable":true,"href":"https:\/\/maisoncleo.com\/fr\/wp-json\/wp\/v2\/product_tag?post=367759"}],"curies":[{"name":"wp","href":"https:\/\/api.w.org\/{rel}","templated":true}]}}