{"id":367757,"date":"2024-09-10T10:30:36","date_gmt":"2024-09-10T17:11:28","guid":{"rendered":"https:\/\/maisoncleo.com\/\/?post_type=product&#038;p=367757"},"modified":"2024-09-10T21:26:13","modified_gmt":"2024-09-10T19:26:13","slug":"robe-asymetrique-a-bretelles-rouge-volantee-alessandra-capsule-lamour","status":"publish","type":"product","link":"https:\/\/maisoncleo.com\/fr\/shop\/robe-asymetrique-a-bretelles-rouge-volantee-alessandra-capsule-lamour\/","title":{"rendered":"Robe asym\u00e9trique \u00e0 bretelles rouge volant\u00e9e ALESSANDRA &#8211; Capsule L&rsquo;AMOUR"},"content":{"rendered":"<p>Robe asym\u00e9trique \u00e0 bretelles rouge tissu jersey textur\u00e9.<\/p>\n<p>D\u00e9collet\u00e9. Volants sur la bretelle gauche, le c\u00f4t\u00e9 droit et le dos. Finition bourdon. Coupe ajust\u00e9e, asym\u00e9trique. Petits coeurs cousus sur la poitrine (Nous pouvons ne pas les mettre si vous le souhaitez).<\/p>\n<p>L&rsquo;amour est dans l&rsquo;air <3 Parfaite pour un d\u00eener romantique.\n\nNous avons besoin de 2 heures et demi pour faire cette robe. Nous pouvons faire 9 robes dans ce tissu.\n\nLa mod\u00e8le mesure 1m68 et porte une taille S-36.\n<\/p>\n","protected":false},"excerpt":{"rendered":"<p>Robe asym\u00e9trique \u00e0 bretelles rouge tissu jersey textur\u00e9. D\u00e9collet\u00e9. Volants sur la bretelle gauche, le c\u00f4t\u00e9 droit et le dos. Finition bourdon.&hellip;<\/p>\n","protected":false},"featured_media":354812,"template":"","meta":[],"product_brand":[],"product_cat":[669,668,664,661],"product_tag":[],"class_list":{"0":"post-367757","1":"product","2":"type-product","3":"status-publish","4":"has-post-thumbnail","6":"product_cat-always-buyable-fr","7":"product_cat-capsule","8":"product_cat-robes","9":"product_cat-tout-voir","10":"pa_taille-l-40-2","11":"pa_taille-m-38-2","12":"pa_taille-s-36-2","13":"pa_taille-sur-mesure-fr-2","14":"pa_taille-xl-42-fr-2","15":"pa_taille-xs-34-2","17":"first","18":"outofstock","19":"taxable","20":"shipping-taxable","21":"purchasable","22":"product-type-variable"},"_links":{"self":[{"href":"https:\/\/maisoncleo.com\/fr\/wp-json\/wp\/v2\/product\/367757","targetHints":{"allow":["GET"]}}],"collection":[{"href":"https:\/\/maisoncleo.com\/fr\/wp-json\/wp\/v2\/product"}],"about":[{"href":"https:\/\/maisoncleo.com\/fr\/wp-json\/wp\/v2\/types\/product"}],"version-history":[{"count":1,"href":"https:\/\/maisoncleo.com\/fr\/wp-json\/wp\/v2\/product\/367757\/revisions"}],"predecessor-version":[{"id":367788,"href":"https:\/\/maisoncleo.com\/fr\/wp-json\/wp\/v2\/product\/367757\/revisions\/367788"}],"wp:featuredmedia":[{"embeddable":true,"href":"https:\/\/maisoncleo.com\/fr\/wp-json\/wp\/v2\/media\/354812"}],"wp:attachment":[{"href":"https:\/\/maisoncleo.com\/fr\/wp-json\/wp\/v2\/media?parent=367757"}],"wp:term":[{"taxonomy":"product_brand","embeddable":true,"href":"https:\/\/maisoncleo.com\/fr\/wp-json\/wp\/v2\/product_brand?post=367757"},{"taxonomy":"product_cat","embeddable":true,"href":"https:\/\/maisoncleo.com\/fr\/wp-json\/wp\/v2\/product_cat?post=367757"},{"taxonomy":"product_tag","embeddable":true,"href":"https:\/\/maisoncleo.com\/fr\/wp-json\/wp\/v2\/product_tag?post=367757"}],"curies":[{"name":"wp","href":"https:\/\/api.w.org\/{rel}","templated":true}]}}