{"id":367748,"date":"2024-09-10T10:30:36","date_gmt":"2024-09-10T17:11:01","guid":{"rendered":"https:\/\/maisoncleo.com\/\/?post_type=product&#038;p=367748"},"modified":"2025-12-31T16:17:42","modified_gmt":"2025-12-31T14:17:42","slug":"mini-jupe-taille-haute-en-soie-duchesse-rose-teila-capsule-lamour","status":"publish","type":"product","link":"https:\/\/maisoncleo.com\/fr\/shop\/mini-jupe-taille-haute-en-soie-duchesse-rose-teila-capsule-lamour\/","title":{"rendered":"Mini jupe taille haute en soie duchesse rose TEILA &#8211; Capsule L&rsquo;AMOUR"},"content":{"rendered":"<p>Mini jupe en soie duchesse rose, \u00e9pais et opaque. Tissu provenant d&rsquo;un tissu de Haute-Couture.<br \/>\nCoupe trap\u00e8ze, taille haute. Fermeture \u00e9clair dans le dos.<\/p>\n<p>Longueur : 34 cm.<\/p>\n<p>La mod\u00e8le mesure 1m68 et porte une taille S-36.<\/p>\n","protected":false},"excerpt":{"rendered":"<p>Mini jupe en soie duchesse rose, \u00e9pais et opaque. Tissu provenant d&rsquo;un tissu de Haute-Couture. Coupe trap\u00e8ze, taille haute. Fermeture \u00e9clair dans&hellip;<\/p>\n","protected":false},"featured_media":354760,"template":"","meta":[],"product_brand":[],"product_cat":[669,672,668,661],"product_tag":[],"class_list":{"0":"post-367748","1":"product","2":"type-product","3":"status-publish","4":"has-post-thumbnail","6":"product_cat-always-buyable-fr","7":"product_cat-jupes","8":"product_cat-capsule","9":"product_cat-tout-voir","10":"pa_taille-l-40-2","11":"pa_taille-m-38-2","12":"pa_taille-s-36-2","13":"pa_taille-sur-mesure-fr-2","14":"pa_taille-xl-42-fr-2","15":"pa_taille-xs-34-2","17":"first","18":"outofstock","19":"taxable","20":"shipping-taxable","21":"purchasable","22":"product-type-variable"},"_links":{"self":[{"href":"https:\/\/maisoncleo.com\/fr\/wp-json\/wp\/v2\/product\/367748","targetHints":{"allow":["GET"]}}],"collection":[{"href":"https:\/\/maisoncleo.com\/fr\/wp-json\/wp\/v2\/product"}],"about":[{"href":"https:\/\/maisoncleo.com\/fr\/wp-json\/wp\/v2\/types\/product"}],"version-history":[{"count":1,"href":"https:\/\/maisoncleo.com\/fr\/wp-json\/wp\/v2\/product\/367748\/revisions"}],"predecessor-version":[{"id":367779,"href":"https:\/\/maisoncleo.com\/fr\/wp-json\/wp\/v2\/product\/367748\/revisions\/367779"}],"wp:featuredmedia":[{"embeddable":true,"href":"https:\/\/maisoncleo.com\/fr\/wp-json\/wp\/v2\/media\/354760"}],"wp:attachment":[{"href":"https:\/\/maisoncleo.com\/fr\/wp-json\/wp\/v2\/media?parent=367748"}],"wp:term":[{"taxonomy":"product_brand","embeddable":true,"href":"https:\/\/maisoncleo.com\/fr\/wp-json\/wp\/v2\/product_brand?post=367748"},{"taxonomy":"product_cat","embeddable":true,"href":"https:\/\/maisoncleo.com\/fr\/wp-json\/wp\/v2\/product_cat?post=367748"},{"taxonomy":"product_tag","embeddable":true,"href":"https:\/\/maisoncleo.com\/fr\/wp-json\/wp\/v2\/product_tag?post=367748"}],"curies":[{"name":"wp","href":"https:\/\/api.w.org\/{rel}","templated":true}]}}