{"id":367746,"date":"2024-09-10T10:30:36","date_gmt":"2024-09-10T17:11:00","guid":{"rendered":"https:\/\/maisoncleo.com\/\/?post_type=product&#038;p=367746"},"modified":"2026-03-08T16:36:42","modified_gmt":"2026-03-08T14:36:42","slug":"robe-longue-sirene-tristana-tricotee-bordeaux-avec-fil-a-sequins-capsule-lamour","status":"publish","type":"product","link":"https:\/\/maisoncleo.com\/fr\/shop\/robe-longue-sirene-tristana-tricotee-bordeaux-avec-fil-a-sequins-capsule-lamour\/","title":{"rendered":"Robe longue sir\u00e8ne TRISTANA tricot\u00e9e bordeaux avec fil \u00e0 sequins &#8211; Capsule L&rsquo;AMOUR"},"content":{"rendered":"<p>Robe longue sir\u00e8ne tricot\u00e9e bordeaux avec fil \u00e0 sequins. Avec ses fines bretelles et son d\u00e9collet\u00e9 arrondi, sa forme sir\u00e8ne assure une coupe flatteuse pour s\u2019ajuster naturellement sur vos courbes. Finitions inspiration queue de sir\u00e8ne, fente sur chaque c\u00f4t\u00e9.<\/p>\n<p>En nouvelle version bordeaux\/rouge fonc\u00e9 pour la Saint-Valentin et la capsule \u00ab\u00a0Amour\u00a0\u00bb <3\n\nLa mod\u00e8le mesure 1m68 et porte une taille S-36.\n<\/p>\n","protected":false},"excerpt":{"rendered":"<p>Robe longue sir\u00e8ne tricot\u00e9e bordeaux avec fil \u00e0 sequins. Avec ses fines bretelles et son d\u00e9collet\u00e9 arrondi, sa forme sir\u00e8ne assure une&hellip;<\/p>\n","protected":false},"featured_media":354730,"template":"","meta":[],"product_brand":[],"product_cat":[669,666,668,664,661],"product_tag":[],"class_list":{"0":"post-367746","1":"product","2":"type-product","3":"status-publish","4":"has-post-thumbnail","6":"product_cat-always-buyable-fr","7":"product_cat-mailles","8":"product_cat-capsule","9":"product_cat-robes","10":"product_cat-tout-voir","11":"pa_taille-l-40-2","12":"pa_taille-m-38-2","13":"pa_taille-s-36-2","14":"pa_taille-sur-mesure-fr-2","15":"pa_taille-xl-42-fr-2","16":"pa_taille-xs-34-2","18":"first","19":"instock","20":"taxable","21":"shipping-taxable","22":"purchasable","23":"product-type-variable"},"_links":{"self":[{"href":"https:\/\/maisoncleo.com\/fr\/wp-json\/wp\/v2\/product\/367746","targetHints":{"allow":["GET"]}}],"collection":[{"href":"https:\/\/maisoncleo.com\/fr\/wp-json\/wp\/v2\/product"}],"about":[{"href":"https:\/\/maisoncleo.com\/fr\/wp-json\/wp\/v2\/types\/product"}],"version-history":[{"count":1,"href":"https:\/\/maisoncleo.com\/fr\/wp-json\/wp\/v2\/product\/367746\/revisions"}],"predecessor-version":[{"id":367778,"href":"https:\/\/maisoncleo.com\/fr\/wp-json\/wp\/v2\/product\/367746\/revisions\/367778"}],"wp:featuredmedia":[{"embeddable":true,"href":"https:\/\/maisoncleo.com\/fr\/wp-json\/wp\/v2\/media\/354730"}],"wp:attachment":[{"href":"https:\/\/maisoncleo.com\/fr\/wp-json\/wp\/v2\/media?parent=367746"}],"wp:term":[{"taxonomy":"product_brand","embeddable":true,"href":"https:\/\/maisoncleo.com\/fr\/wp-json\/wp\/v2\/product_brand?post=367746"},{"taxonomy":"product_cat","embeddable":true,"href":"https:\/\/maisoncleo.com\/fr\/wp-json\/wp\/v2\/product_cat?post=367746"},{"taxonomy":"product_tag","embeddable":true,"href":"https:\/\/maisoncleo.com\/fr\/wp-json\/wp\/v2\/product_tag?post=367746"}],"curies":[{"name":"wp","href":"https:\/\/api.w.org\/{rel}","templated":true}]}}