{"id":367711,"date":"2024-09-10T10:28:05","date_gmt":"2024-09-10T17:09:51","guid":{"rendered":"https:\/\/maisoncleo.com\/\/?post_type=product&#038;p=367711"},"modified":"2024-09-10T21:25:46","modified_gmt":"2024-09-10T19:25:46","slug":"ready-to-ship-top-bustier-ouvertures-en-coton-tricote-anania","status":"publish","type":"product","link":"https:\/\/maisoncleo.com\/fr\/shop\/ready-to-ship-top-bustier-ouvertures-en-coton-tricote-anania\/","title":{"rendered":"READY TO SHIP &#8211; Top bustier ouvertures en coton tricot\u00e9 ANANIA"},"content":{"rendered":"<p>Notre top bustier \u00e0 ouvertures tricot\u00e9 dans un coton organique. Peut-\u00eatre port\u00e9e avec les ouvertures sur le devant milieu et dos milieu ou sur les c\u00f4t\u00e9s.<\/p>\n<p>Fabriqu\u00e9e sur commande \u00e0 la main dans notre studio. Coupe cintr\u00e9e. Super agr\u00e9able \u00e0 porter!<\/p>\n<p>La mod\u00e8le mesure 1m83.<\/p>\n","protected":false},"excerpt":{"rendered":"<p>Notre top bustier \u00e0 ouvertures tricot\u00e9 dans un coton organique. Peut-\u00eatre port\u00e9e avec les ouvertures sur le devant milieu et dos milieu&hellip;<\/p>\n","protected":false},"featured_media":338997,"template":"","meta":[],"product_brand":[],"product_cat":[669,913],"product_tag":[],"class_list":{"0":"post-367711","1":"product","2":"type-product","3":"status-publish","4":"has-post-thumbnail","6":"product_cat-always-buyable-fr","7":"product_cat-ready-to-ship","8":"pa_taille-l-40-2","9":"pa_taille-m-38-2","10":"pa_taille-s-36-2","11":"pa_taille-sur-mesure-fr-2","12":"pa_taille-xl-42-fr-2","13":"pa_taille-xs-34-2","15":"first","16":"instock","17":"taxable","18":"shipping-taxable","19":"purchasable","20":"product-type-variable"},"_links":{"self":[{"href":"https:\/\/maisoncleo.com\/fr\/wp-json\/wp\/v2\/product\/367711","targetHints":{"allow":["GET"]}}],"collection":[{"href":"https:\/\/maisoncleo.com\/fr\/wp-json\/wp\/v2\/product"}],"about":[{"href":"https:\/\/maisoncleo.com\/fr\/wp-json\/wp\/v2\/types\/product"}],"version-history":[{"count":1,"href":"https:\/\/maisoncleo.com\/fr\/wp-json\/wp\/v2\/product\/367711\/revisions"}],"predecessor-version":[{"id":367750,"href":"https:\/\/maisoncleo.com\/fr\/wp-json\/wp\/v2\/product\/367711\/revisions\/367750"}],"wp:featuredmedia":[{"embeddable":true,"href":"https:\/\/maisoncleo.com\/fr\/wp-json\/wp\/v2\/media\/338997"}],"wp:attachment":[{"href":"https:\/\/maisoncleo.com\/fr\/wp-json\/wp\/v2\/media?parent=367711"}],"wp:term":[{"taxonomy":"product_brand","embeddable":true,"href":"https:\/\/maisoncleo.com\/fr\/wp-json\/wp\/v2\/product_brand?post=367711"},{"taxonomy":"product_cat","embeddable":true,"href":"https:\/\/maisoncleo.com\/fr\/wp-json\/wp\/v2\/product_cat?post=367711"},{"taxonomy":"product_tag","embeddable":true,"href":"https:\/\/maisoncleo.com\/fr\/wp-json\/wp\/v2\/product_tag?post=367711"}],"curies":[{"name":"wp","href":"https:\/\/api.w.org\/{rel}","templated":true}]}}