{"id":367701,"date":"2024-09-10T10:27:42","date_gmt":"2024-09-10T17:09:24","guid":{"rendered":"https:\/\/maisoncleo.com\/\/?post_type=product&#038;p=367701"},"modified":"2024-09-10T21:25:43","modified_gmt":"2024-09-10T19:25:43","slug":"ready-to-ship-top-mini-bouffant-en-coton-vichy-rouge-et-dentelle-de-calais","status":"publish","type":"product","link":"https:\/\/maisoncleo.com\/fr\/shop\/ready-to-ship-top-mini-bouffant-en-coton-vichy-rouge-et-dentelle-de-calais\/","title":{"rendered":"READY TO SHIP &#8211; Top mini bouffant en coton vichy rouge et dentelle de Calais"},"content":{"rendered":"<p>Top mini bouffant en coton vichy rouge et dentelle de Calais.<\/p>\n<p>Encolure carr\u00e9e, petite ouverture, liens \u00e0 nouer. Petites manches bouffantes. Ajour\u00e9 sur la poitrine, noeuds \u00e0 serrer ou desserrer. Encolure, manches et ourlet \u00e9lastiqu\u00e9s. 100% coton et dentelle de Calais.<\/p>\n<p>Le look cottage core r\u00eav\u00e9!<\/p>\n<p>Nous avons besoin de 2 heures et demi pour r\u00e9aliser ce top.<\/p>\n<p>Longueur totale \u00e0 plat: 29 cm. Encolure: 14 cm. 20 cm sous le noeud.<\/p>\n<p>La mod\u00e8le mesure 1m71 et porte une taille S-36.<\/p>\n","protected":false},"excerpt":{"rendered":"<p>Top mini bouffant en coton vichy rouge et dentelle de Calais. Encolure carr\u00e9e, petite ouverture, liens \u00e0 nouer. Petites manches bouffantes. Ajour\u00e9&hellip;<\/p>\n","protected":false},"featured_media":349823,"template":"","meta":[],"product_brand":[],"product_cat":[669,913],"product_tag":[],"class_list":{"0":"post-367701","1":"product","2":"type-product","3":"status-publish","4":"has-post-thumbnail","6":"product_cat-always-buyable-fr","7":"product_cat-ready-to-ship","8":"pa_taille-l-40-2","9":"pa_taille-m-38-2","10":"pa_taille-s-36-2","11":"pa_taille-sur-mesure-fr-2","12":"pa_taille-xl-42-fr-2","13":"pa_taille-xs-34-2","15":"first","16":"outofstock","17":"taxable","18":"shipping-taxable","19":"purchasable","20":"product-type-variable"},"_links":{"self":[{"href":"https:\/\/maisoncleo.com\/fr\/wp-json\/wp\/v2\/product\/367701","targetHints":{"allow":["GET"]}}],"collection":[{"href":"https:\/\/maisoncleo.com\/fr\/wp-json\/wp\/v2\/product"}],"about":[{"href":"https:\/\/maisoncleo.com\/fr\/wp-json\/wp\/v2\/types\/product"}],"version-history":[{"count":1,"href":"https:\/\/maisoncleo.com\/fr\/wp-json\/wp\/v2\/product\/367701\/revisions"}],"predecessor-version":[{"id":367740,"href":"https:\/\/maisoncleo.com\/fr\/wp-json\/wp\/v2\/product\/367701\/revisions\/367740"}],"wp:featuredmedia":[{"embeddable":true,"href":"https:\/\/maisoncleo.com\/fr\/wp-json\/wp\/v2\/media\/349823"}],"wp:attachment":[{"href":"https:\/\/maisoncleo.com\/fr\/wp-json\/wp\/v2\/media?parent=367701"}],"wp:term":[{"taxonomy":"product_brand","embeddable":true,"href":"https:\/\/maisoncleo.com\/fr\/wp-json\/wp\/v2\/product_brand?post=367701"},{"taxonomy":"product_cat","embeddable":true,"href":"https:\/\/maisoncleo.com\/fr\/wp-json\/wp\/v2\/product_cat?post=367701"},{"taxonomy":"product_tag","embeddable":true,"href":"https:\/\/maisoncleo.com\/fr\/wp-json\/wp\/v2\/product_tag?post=367701"}],"curies":[{"name":"wp","href":"https:\/\/api.w.org\/{rel}","templated":true}]}}