{"id":367699,"date":"2024-09-10T10:27:42","date_gmt":"2024-09-10T17:09:24","guid":{"rendered":"https:\/\/maisoncleo.com\/\/?post_type=product&#038;p=367699"},"modified":"2024-09-10T21:25:42","modified_gmt":"2024-09-10T19:25:42","slug":"ready-to-ship-robe-crochet-fleuri-en-coton-michele","status":"publish","type":"product","link":"https:\/\/maisoncleo.com\/fr\/shop\/ready-to-ship-robe-crochet-fleuri-en-coton-michele\/","title":{"rendered":"READY TO SHIP &#8211; Robe crochet fleuri en coton MICHELE"},"content":{"rendered":"<p>Notre robe Michelle en crochet des d\u00e9buts! Dans un crochet fleuri cette fois-ci.<\/p>\n<p>Col d\u00e9collet\u00e9 en V. \u00a0Manches 3\/4. Travail au crochet d&rsquo;un magnifique motif de fleurs. Coupe droite large.<\/p>\n<p>Une ode \u00e0 Jane Birkin &lt;3<\/p>\n<p>Longueur totale \u00e0 plat: 80 cm. D\u00e9collet\u00e9: 18 cm. Vous pouvez demander la longueur que vous souhaitez.<\/p>\n<p>La mod\u00e8le mesure 1m73 et porte une taille M-38.<\/p>\n","protected":false},"excerpt":{"rendered":"<p>Notre robe Michelle en crochet des d\u00e9buts! Dans un crochet fleuri cette fois-ci. Col d\u00e9collet\u00e9 en V. \u00a0Manches 3\/4. Travail au crochet&hellip;<\/p>\n","protected":false},"featured_media":351622,"template":"","meta":[],"product_brand":[],"product_cat":[669,913],"product_tag":[],"class_list":{"0":"post-367699","1":"product","2":"type-product","3":"status-publish","4":"has-post-thumbnail","6":"product_cat-always-buyable-fr","7":"product_cat-ready-to-ship","8":"pa_taille-l-40-2","9":"pa_taille-m-38-2","10":"pa_taille-s-36-2","11":"pa_taille-sur-mesure-fr-2","12":"pa_taille-xl-42-fr-2","13":"pa_taille-xs-34-2","14":"pa_taille-xxs-32-2","16":"first","17":"instock","18":"taxable","19":"shipping-taxable","20":"purchasable","21":"product-type-variable"},"_links":{"self":[{"href":"https:\/\/maisoncleo.com\/fr\/wp-json\/wp\/v2\/product\/367699","targetHints":{"allow":["GET"]}}],"collection":[{"href":"https:\/\/maisoncleo.com\/fr\/wp-json\/wp\/v2\/product"}],"about":[{"href":"https:\/\/maisoncleo.com\/fr\/wp-json\/wp\/v2\/types\/product"}],"version-history":[{"count":1,"href":"https:\/\/maisoncleo.com\/fr\/wp-json\/wp\/v2\/product\/367699\/revisions"}],"predecessor-version":[{"id":367732,"href":"https:\/\/maisoncleo.com\/fr\/wp-json\/wp\/v2\/product\/367699\/revisions\/367732"}],"wp:featuredmedia":[{"embeddable":true,"href":"https:\/\/maisoncleo.com\/fr\/wp-json\/wp\/v2\/media\/351622"}],"wp:attachment":[{"href":"https:\/\/maisoncleo.com\/fr\/wp-json\/wp\/v2\/media?parent=367699"}],"wp:term":[{"taxonomy":"product_brand","embeddable":true,"href":"https:\/\/maisoncleo.com\/fr\/wp-json\/wp\/v2\/product_brand?post=367699"},{"taxonomy":"product_cat","embeddable":true,"href":"https:\/\/maisoncleo.com\/fr\/wp-json\/wp\/v2\/product_cat?post=367699"},{"taxonomy":"product_tag","embeddable":true,"href":"https:\/\/maisoncleo.com\/fr\/wp-json\/wp\/v2\/product_tag?post=367699"}],"curies":[{"name":"wp","href":"https:\/\/api.w.org\/{rel}","templated":true}]}}