{"id":367682,"date":"2024-09-10T10:26:53","date_gmt":"2024-09-10T17:08:36","guid":{"rendered":"https:\/\/maisoncleo.com\/\/?post_type=product&#038;p=367682"},"modified":"2024-09-10T21:25:34","modified_gmt":"2024-09-10T19:25:34","slug":"ready-to-ship-runway-look-4-jupe-longue-tricote-en-coton-ecru-avec-fentes","status":"publish","type":"product","link":"https:\/\/maisoncleo.com\/fr\/shop\/ready-to-ship-runway-look-4-jupe-longue-tricote-en-coton-ecru-avec-fentes\/","title":{"rendered":"READY TO SHIP &#8211; RUNWAY LOOK 4 &#8211; Jupe longue tricot\u00e9 en coton \u00e9cru avec fentes"},"content":{"rendered":"<p>Jupe longue en tricot \u00e9cru. Ajust\u00e9e, deux fentes rondes de chaque c\u00f4t\u00e9. Va avec tout et donne un fit incroyable! 100% coton organique.<\/p>\n<p>LOOK 4 issu de notre premier d\u00e9fil\u00e9 \u00ab\u00a0Premi\u00e8re fois\u00a0\u00bb en Mars 2022.<\/p>\n<p>La mod\u00e8le mesure 1m75 and wears a size S-36.<\/p>\n","protected":false},"excerpt":{"rendered":"<p>Jupe longue en tricot \u00e9cru. Ajust\u00e9e, deux fentes rondes de chaque c\u00f4t\u00e9. Va avec tout et donne un fit incroyable! 100% coton&hellip;<\/p>\n","protected":false},"featured_media":340889,"template":"","meta":[],"product_brand":[],"product_cat":[669,913],"product_tag":[],"class_list":{"0":"post-367682","1":"product","2":"type-product","3":"status-publish","4":"has-post-thumbnail","6":"product_cat-always-buyable-fr","7":"product_cat-ready-to-ship","8":"pa_taille-l-40-2","9":"pa_taille-m-38-2","10":"pa_taille-s-36-2","11":"pa_taille-sur-mesure-fr-2","12":"pa_taille-xl-42-fr-2","13":"pa_taille-xs-34-2","15":"first","16":"instock","17":"taxable","18":"shipping-taxable","19":"purchasable","20":"product-type-variable"},"_links":{"self":[{"href":"https:\/\/maisoncleo.com\/fr\/wp-json\/wp\/v2\/product\/367682","targetHints":{"allow":["GET"]}}],"collection":[{"href":"https:\/\/maisoncleo.com\/fr\/wp-json\/wp\/v2\/product"}],"about":[{"href":"https:\/\/maisoncleo.com\/fr\/wp-json\/wp\/v2\/types\/product"}],"version-history":[{"count":1,"href":"https:\/\/maisoncleo.com\/fr\/wp-json\/wp\/v2\/product\/367682\/revisions"}],"predecessor-version":[{"id":367717,"href":"https:\/\/maisoncleo.com\/fr\/wp-json\/wp\/v2\/product\/367682\/revisions\/367717"}],"wp:featuredmedia":[{"embeddable":true,"href":"https:\/\/maisoncleo.com\/fr\/wp-json\/wp\/v2\/media\/340889"}],"wp:attachment":[{"href":"https:\/\/maisoncleo.com\/fr\/wp-json\/wp\/v2\/media?parent=367682"}],"wp:term":[{"taxonomy":"product_brand","embeddable":true,"href":"https:\/\/maisoncleo.com\/fr\/wp-json\/wp\/v2\/product_brand?post=367682"},{"taxonomy":"product_cat","embeddable":true,"href":"https:\/\/maisoncleo.com\/fr\/wp-json\/wp\/v2\/product_cat?post=367682"},{"taxonomy":"product_tag","embeddable":true,"href":"https:\/\/maisoncleo.com\/fr\/wp-json\/wp\/v2\/product_tag?post=367682"}],"curies":[{"name":"wp","href":"https:\/\/api.w.org\/{rel}","templated":true}]}}