{"id":367657,"date":"2024-09-10T10:25:10","date_gmt":"2024-09-10T08:25:10","guid":{"rendered":"https:\/\/maisoncleo.com\/\/?post_type=product&#038;p=367657"},"modified":"2024-09-10T21:25:22","modified_gmt":"2024-09-10T19:25:22","slug":"ready-to-ship-mini-jupe-beige-anna-en-soie-avec-dentelle-et-liens","status":"publish","type":"product","link":"https:\/\/maisoncleo.com\/fr\/shop\/ready-to-ship-mini-jupe-beige-anna-en-soie-avec-dentelle-et-liens\/","title":{"rendered":"READY TO SHIP &#8211; Mini jupe beige ANNA en soie avec dentelle et liens"},"content":{"rendered":"<p>Mini jupe beige en soie avec dentelle et liens.\u00a0Taille basse.\u00a0Fermeture \u00e9clair dans le dos, fentes et noeuds sur les c\u00f4t\u00e9s. D\u00e9tail de dentelle marron dans le bas.<\/p>\n<p>Comme tout est fait sur commande, vous pouvez demander la longueur que vous souhaitez et nous \u00e9crire un message durant ou suivant votre commande.<\/p>\n<p>Longueur standard \u00e0 plat : 29 cm.<\/p>\n<p>Nouvelle version du LOOK 2 de notre d\u00e9fil\u00e9 automne hiver \u201cL\u2019Affranchie\u201d de septembre 2022.<\/p>\n<p>La mod\u00e8le mesure 173 cm et porte une taille S-36.<\/p>\n","protected":false},"excerpt":{"rendered":"<p>Mini jupe beige en soie avec dentelle et liens.\u00a0Taille basse.\u00a0Fermeture \u00e9clair dans le dos, fentes et noeuds sur les c\u00f4t\u00e9s. D\u00e9tail de&hellip;<\/p>\n","protected":false},"featured_media":354543,"template":"","meta":[],"product_brand":[],"product_cat":[669,913],"product_tag":[],"class_list":{"0":"post-367657","1":"product","2":"type-product","3":"status-publish","4":"has-post-thumbnail","6":"product_cat-always-buyable-fr","7":"product_cat-ready-to-ship","8":"pa_taille-l-40-2","9":"pa_taille-m-38-2","10":"pa_taille-s-36-2","11":"pa_taille-sur-mesure-fr-2","12":"pa_taille-xl-42-fr-2","13":"pa_taille-xs-34-2","15":"first","16":"instock","17":"taxable","18":"shipping-taxable","19":"purchasable","20":"product-type-variable"},"_links":{"self":[{"href":"https:\/\/maisoncleo.com\/fr\/wp-json\/wp\/v2\/product\/367657","targetHints":{"allow":["GET"]}}],"collection":[{"href":"https:\/\/maisoncleo.com\/fr\/wp-json\/wp\/v2\/product"}],"about":[{"href":"https:\/\/maisoncleo.com\/fr\/wp-json\/wp\/v2\/types\/product"}],"version-history":[{"count":1,"href":"https:\/\/maisoncleo.com\/fr\/wp-json\/wp\/v2\/product\/367657\/revisions"}],"predecessor-version":[{"id":367684,"href":"https:\/\/maisoncleo.com\/fr\/wp-json\/wp\/v2\/product\/367657\/revisions\/367684"}],"wp:featuredmedia":[{"embeddable":true,"href":"https:\/\/maisoncleo.com\/fr\/wp-json\/wp\/v2\/media\/354543"}],"wp:attachment":[{"href":"https:\/\/maisoncleo.com\/fr\/wp-json\/wp\/v2\/media?parent=367657"}],"wp:term":[{"taxonomy":"product_brand","embeddable":true,"href":"https:\/\/maisoncleo.com\/fr\/wp-json\/wp\/v2\/product_brand?post=367657"},{"taxonomy":"product_cat","embeddable":true,"href":"https:\/\/maisoncleo.com\/fr\/wp-json\/wp\/v2\/product_cat?post=367657"},{"taxonomy":"product_tag","embeddable":true,"href":"https:\/\/maisoncleo.com\/fr\/wp-json\/wp\/v2\/product_tag?post=367657"}],"curies":[{"name":"wp","href":"https:\/\/api.w.org\/{rel}","templated":true}]}}