{"id":367637,"date":"2024-09-10T10:22:39","date_gmt":"2024-09-10T17:07:21","guid":{"rendered":"https:\/\/maisoncleo.com\/\/?post_type=product&#038;p=367637"},"modified":"2024-09-10T21:25:12","modified_gmt":"2024-09-10T19:25:12","slug":"sandales-argentees-avec-bride-strass-et-fond-imprime-roses","status":"publish","type":"product","link":"https:\/\/maisoncleo.com\/fr\/shop\/sandales-argentees-avec-bride-strass-et-fond-imprime-roses\/","title":{"rendered":"Sandales argent\u00e9es avec bride strass et fond imprim\u00e9 roses"},"content":{"rendered":"<p id=\"tw-target-text\" class=\"tw-data-text tw-text-large tw-ta\" dir=\"ltr\" data-placeholder=\"Traduction\"><span class=\"Y2IQFc\" lang=\"fr\">Pour briller sur chaque marche!<\/span><\/p>\n<p dir=\"ltr\" data-placeholder=\"Traduction\">Paire de sandales Guess vintage.<\/p>\n<p class=\"tw-data-text tw-text-large tw-ta\" dir=\"ltr\" data-placeholder=\"Traduction\"><span class=\"Y2IQFc\" lang=\"fr\">Santales \u00e0 talons argent\u00e9es brillantes avec boucle en strass. Fond de la chaussures imprim\u00e9e roses brillantes. Bouts ronds.\u00a0<\/span><\/p>\n<p dir=\"ltr\" data-placeholder=\"Traduction\">Une parfaite combinaison du charme du vintage et de l&rsquo;intemporel &lt;3<\/p>\n<p dir=\"ltr\" data-placeholder=\"Traduction\">Hauteur du talon : 10 cm<\/p>\n<p dir=\"ltr\" data-placeholder=\"Traduction\">Taille : 38<\/p>\n<p dir=\"ltr\" data-placeholder=\"Traduction\">Condition vintage, la paire peut pr\u00e9senter quelques marques mais elles sont en tr\u00e8s bon \u00e9tat g\u00e9n\u00e9ral.<\/p>\n<p class=\"tw-data-text tw-text-large tw-ta\" dir=\"ltr\" data-placeholder=\"Traduction\"><span class=\"Y2IQFc\" lang=\"fr\">Les chaussures sont des ventes finales.<\/span><\/p>\n","protected":false},"excerpt":{"rendered":"<p>Pour briller sur chaque marche! Paire de sandales Guess vintage. Santales \u00e0 talons argent\u00e9es brillantes avec boucle en strass. Fond de la&hellip;<\/p>\n","protected":false},"featured_media":354467,"template":"","meta":[],"product_brand":[],"product_cat":[651,659,913],"product_tag":[],"class_list":{"0":"post-367637","1":"product","2":"type-product","3":"status-publish","4":"has-post-thumbnail","6":"product_cat-accessoires","7":"product_cat-chaussures","8":"product_cat-ready-to-ship","10":"first","11":"instock","12":"taxable","13":"shipping-taxable","14":"purchasable","15":"product-type-variable"},"_links":{"self":[{"href":"https:\/\/maisoncleo.com\/fr\/wp-json\/wp\/v2\/product\/367637","targetHints":{"allow":["GET"]}}],"collection":[{"href":"https:\/\/maisoncleo.com\/fr\/wp-json\/wp\/v2\/product"}],"about":[{"href":"https:\/\/maisoncleo.com\/fr\/wp-json\/wp\/v2\/types\/product"}],"version-history":[{"count":1,"href":"https:\/\/maisoncleo.com\/fr\/wp-json\/wp\/v2\/product\/367637\/revisions"}],"predecessor-version":[{"id":367656,"href":"https:\/\/maisoncleo.com\/fr\/wp-json\/wp\/v2\/product\/367637\/revisions\/367656"}],"wp:featuredmedia":[{"embeddable":true,"href":"https:\/\/maisoncleo.com\/fr\/wp-json\/wp\/v2\/media\/354467"}],"wp:attachment":[{"href":"https:\/\/maisoncleo.com\/fr\/wp-json\/wp\/v2\/media?parent=367637"}],"wp:term":[{"taxonomy":"product_brand","embeddable":true,"href":"https:\/\/maisoncleo.com\/fr\/wp-json\/wp\/v2\/product_brand?post=367637"},{"taxonomy":"product_cat","embeddable":true,"href":"https:\/\/maisoncleo.com\/fr\/wp-json\/wp\/v2\/product_cat?post=367637"},{"taxonomy":"product_tag","embeddable":true,"href":"https:\/\/maisoncleo.com\/fr\/wp-json\/wp\/v2\/product_tag?post=367637"}],"curies":[{"name":"wp","href":"https:\/\/api.w.org\/{rel}","templated":true}]}}