{"id":367613,"date":"2024-09-10T10:20:10","date_gmt":"2024-09-10T17:06:33","guid":{"rendered":"https:\/\/maisoncleo.com\/\/?post_type=product&#038;p=367613"},"modified":"2024-09-10T21:25:06","modified_gmt":"2024-09-10T19:25:06","slug":"robe-babydoll-en-soie-animal-a-fines-bretelles","status":"publish","type":"product","link":"https:\/\/maisoncleo.com\/fr\/shop\/robe-babydoll-en-soie-animal-a-fines-bretelles\/","title":{"rendered":"Robe babydoll en soie animal \u00e0 fines bretelles"},"content":{"rendered":"<p>Robe babydoll en soie \u00e0 fines bretelles.<\/p>\n<p>D\u00e9collet\u00e9e sur la poitrine et dans le dos, bretelles. Motif animal. Finitions bourdon. Coupe \u00e9vas\u00e9e. Satin de soie doux et fluide.<\/p>\n<p>La mod\u00e8le mesure 1m73 et porte une taille 36.<\/p>\n","protected":false},"excerpt":{"rendered":"<p>Robe babydoll en soie \u00e0 fines bretelles. D\u00e9collet\u00e9e sur la poitrine et dans le dos, bretelles. Motif animal. Finitions bourdon. Coupe \u00e9vas\u00e9e.&hellip;<\/p>\n","protected":false},"featured_media":354412,"template":"","meta":[],"product_brand":[],"product_cat":[668,664,661],"product_tag":[],"class_list":{"0":"post-367613","1":"product","2":"type-product","3":"status-publish","4":"has-post-thumbnail","6":"product_cat-capsule","7":"product_cat-robes","8":"product_cat-tout-voir","9":"pa_taille-l-40-2","10":"pa_taille-m-38-2","11":"pa_taille-s-36-2","12":"pa_taille-sur-mesure-fr-2","13":"pa_taille-xl-42-fr-2","14":"pa_taille-xs-34-2","16":"first","17":"outofstock","18":"taxable","19":"shipping-taxable","20":"purchasable","21":"product-type-variable"},"_links":{"self":[{"href":"https:\/\/maisoncleo.com\/fr\/wp-json\/wp\/v2\/product\/367613","targetHints":{"allow":["GET"]}}],"collection":[{"href":"https:\/\/maisoncleo.com\/fr\/wp-json\/wp\/v2\/product"}],"about":[{"href":"https:\/\/maisoncleo.com\/fr\/wp-json\/wp\/v2\/types\/product"}],"version-history":[{"count":1,"href":"https:\/\/maisoncleo.com\/fr\/wp-json\/wp\/v2\/product\/367613\/revisions"}],"predecessor-version":[{"id":367630,"href":"https:\/\/maisoncleo.com\/fr\/wp-json\/wp\/v2\/product\/367613\/revisions\/367630"}],"wp:featuredmedia":[{"embeddable":true,"href":"https:\/\/maisoncleo.com\/fr\/wp-json\/wp\/v2\/media\/354412"}],"wp:attachment":[{"href":"https:\/\/maisoncleo.com\/fr\/wp-json\/wp\/v2\/media?parent=367613"}],"wp:term":[{"taxonomy":"product_brand","embeddable":true,"href":"https:\/\/maisoncleo.com\/fr\/wp-json\/wp\/v2\/product_brand?post=367613"},{"taxonomy":"product_cat","embeddable":true,"href":"https:\/\/maisoncleo.com\/fr\/wp-json\/wp\/v2\/product_cat?post=367613"},{"taxonomy":"product_tag","embeddable":true,"href":"https:\/\/maisoncleo.com\/fr\/wp-json\/wp\/v2\/product_tag?post=367613"}],"curies":[{"name":"wp","href":"https:\/\/api.w.org\/{rel}","templated":true}]}}