{"id":367606,"date":"2024-09-10T10:20:09","date_gmt":"2024-09-10T08:20:09","guid":{"rendered":"https:\/\/maisoncleo.com\/\/?post_type=product&#038;p=367606"},"modified":"2025-10-07T13:44:50","modified_gmt":"2025-10-07T11:44:50","slug":"robe-babydoll-en-coton-blanc-avec-broderies-anglaises","status":"publish","type":"product","link":"https:\/\/maisoncleo.com\/fr\/shop\/robe-babydoll-en-coton-blanc-avec-broderies-anglaises\/","title":{"rendered":"Robe babydoll en coton blanc avec broderies anglaises"},"content":{"rendered":"<p>Robe babydoll en coton blanc avec broderies anglaises.<\/p>\n<p>Coupe des ann\u00e9es 70, avec une coupe oversize trap\u00e8ze et des petites manches bouffantes, agr\u00e9ment\u00e9e de broderies anglaises. La plus mignonne des robes en coton, nous rappelant celles de nos grand-m\u00e8res. 100% coton. A porter en chemise de nuit ou pour la journ\u00e9e avec une paire de ballerines.<\/p>\n<p>La mod\u00e8le mesure 1m73 et porte une taille S-36.<\/p>\n","protected":false},"excerpt":{"rendered":"<p>Robe babydoll en coton blanc avec broderies anglaises. Coupe des ann\u00e9es 70, avec une coupe oversize trap\u00e8ze et des petites manches bouffantes,&hellip;<\/p>\n","protected":false},"featured_media":354392,"template":"","meta":[],"product_brand":[],"product_cat":[668,664,661],"product_tag":[],"class_list":{"0":"post-367606","1":"product","2":"type-product","3":"status-publish","4":"has-post-thumbnail","6":"product_cat-capsule","7":"product_cat-robes","8":"product_cat-tout-voir","9":"pa_taille-l-40-2","10":"pa_taille-m-38-2","11":"pa_taille-s-36-2","12":"pa_taille-sur-mesure-fr-2","13":"pa_taille-xl-42-fr-2","14":"pa_taille-xs-34-2","16":"first","17":"instock","18":"taxable","19":"shipping-taxable","20":"purchasable","21":"product-type-variable"},"_links":{"self":[{"href":"https:\/\/maisoncleo.com\/fr\/wp-json\/wp\/v2\/product\/367606","targetHints":{"allow":["GET"]}}],"collection":[{"href":"https:\/\/maisoncleo.com\/fr\/wp-json\/wp\/v2\/product"}],"about":[{"href":"https:\/\/maisoncleo.com\/fr\/wp-json\/wp\/v2\/types\/product"}],"version-history":[{"count":1,"href":"https:\/\/maisoncleo.com\/fr\/wp-json\/wp\/v2\/product\/367606\/revisions"}],"predecessor-version":[{"id":367629,"href":"https:\/\/maisoncleo.com\/fr\/wp-json\/wp\/v2\/product\/367606\/revisions\/367629"}],"wp:featuredmedia":[{"embeddable":true,"href":"https:\/\/maisoncleo.com\/fr\/wp-json\/wp\/v2\/media\/354392"}],"wp:attachment":[{"href":"https:\/\/maisoncleo.com\/fr\/wp-json\/wp\/v2\/media?parent=367606"}],"wp:term":[{"taxonomy":"product_brand","embeddable":true,"href":"https:\/\/maisoncleo.com\/fr\/wp-json\/wp\/v2\/product_brand?post=367606"},{"taxonomy":"product_cat","embeddable":true,"href":"https:\/\/maisoncleo.com\/fr\/wp-json\/wp\/v2\/product_cat?post=367606"},{"taxonomy":"product_tag","embeddable":true,"href":"https:\/\/maisoncleo.com\/fr\/wp-json\/wp\/v2\/product_tag?post=367606"}],"curies":[{"name":"wp","href":"https:\/\/api.w.org\/{rel}","templated":true}]}}