{"id":367597,"date":"2024-09-10T10:19:16","date_gmt":"2024-09-10T17:06:10","guid":{"rendered":"https:\/\/maisoncleo.com\/\/?post_type=product&#038;p=367597"},"modified":"2024-09-10T21:25:04","modified_gmt":"2024-09-10T19:25:04","slug":"robe-josepha-en-coton-noir-oversize-avec-col-en-dentelle-noir","status":"publish","type":"product","link":"https:\/\/maisoncleo.com\/fr\/shop\/robe-josepha-en-coton-noir-oversize-avec-col-en-dentelle-noir\/","title":{"rendered":"Robe JOSEPHA en coton noir oversize avec col en dentelle noir"},"content":{"rendered":"<p>Robe en coton noir, coupe asym\u00e9trique oversize avec une grand col volant\u00e9 avec dentelle noire d\u00e9licate, liens sur le devant, manches courtes bouffante. 100% coton.<\/p>\n<p>Longueur : 86 cm<\/p>\n<p>La mod\u00e8le mesure 1m73 et porte une taille 36.<\/p>\n","protected":false},"excerpt":{"rendered":"<p>Robe en coton noir, coupe asym\u00e9trique oversize avec une grand col volant\u00e9 avec dentelle noire d\u00e9licate, liens sur le devant, manches courtes&hellip;<\/p>\n","protected":false},"featured_media":354363,"template":"","meta":[],"product_brand":[],"product_cat":[668,664,661],"product_tag":[],"class_list":{"0":"post-367597","1":"product","2":"type-product","3":"status-publish","4":"has-post-thumbnail","6":"product_cat-capsule","7":"product_cat-robes","8":"product_cat-tout-voir","9":"pa_taille-l-40-2","10":"pa_taille-m-38-2","11":"pa_taille-s-36-2","12":"pa_taille-sur-mesure-fr-2","13":"pa_taille-xl-42-fr-2","14":"pa_taille-xs-34-2","16":"first","17":"instock","18":"taxable","19":"shipping-taxable","20":"purchasable","21":"product-type-variable"},"_links":{"self":[{"href":"https:\/\/maisoncleo.com\/fr\/wp-json\/wp\/v2\/product\/367597","targetHints":{"allow":["GET"]}}],"collection":[{"href":"https:\/\/maisoncleo.com\/fr\/wp-json\/wp\/v2\/product"}],"about":[{"href":"https:\/\/maisoncleo.com\/fr\/wp-json\/wp\/v2\/types\/product"}],"version-history":[{"count":1,"href":"https:\/\/maisoncleo.com\/fr\/wp-json\/wp\/v2\/product\/367597\/revisions"}],"predecessor-version":[{"id":367615,"href":"https:\/\/maisoncleo.com\/fr\/wp-json\/wp\/v2\/product\/367597\/revisions\/367615"}],"wp:featuredmedia":[{"embeddable":true,"href":"https:\/\/maisoncleo.com\/fr\/wp-json\/wp\/v2\/media\/354363"}],"wp:attachment":[{"href":"https:\/\/maisoncleo.com\/fr\/wp-json\/wp\/v2\/media?parent=367597"}],"wp:term":[{"taxonomy":"product_brand","embeddable":true,"href":"https:\/\/maisoncleo.com\/fr\/wp-json\/wp\/v2\/product_brand?post=367597"},{"taxonomy":"product_cat","embeddable":true,"href":"https:\/\/maisoncleo.com\/fr\/wp-json\/wp\/v2\/product_cat?post=367597"},{"taxonomy":"product_tag","embeddable":true,"href":"https:\/\/maisoncleo.com\/fr\/wp-json\/wp\/v2\/product_tag?post=367597"}],"curies":[{"name":"wp","href":"https:\/\/api.w.org\/{rel}","templated":true}]}}