{"id":367571,"date":"2024-09-10T10:15:23","date_gmt":"2024-09-10T17:05:19","guid":{"rendered":"https:\/\/maisoncleo.com\/\/?post_type=product&#038;p=367571"},"modified":"2024-12-30T01:41:57","modified_gmt":"2024-12-29T23:41:57","slug":"culotte-en-dentelle-florale-blanche-avec-petit-noeud","status":"publish","type":"product","link":"https:\/\/maisoncleo.com\/fr\/shop\/culotte-en-dentelle-florale-blanche-avec-petit-noeud\/","title":{"rendered":"Culotte en dentelle florale blanche avec petit noeud"},"content":{"rendered":"<p>Notre culotte en dentelle. La premiere cr\u00e9ation culotte MaisonCl\u00e9o juste \u00e0 temps pour No\u00ebl. Faite dans une dentelle blanche avec motif de fleurs avec un joli petit noeud sur la taille.<\/p>\n<p>&lt;3<\/p>\n","protected":false},"excerpt":{"rendered":"<p>Notre culotte en dentelle. La premiere cr\u00e9ation culotte MaisonCl\u00e9o juste \u00e0 temps pour No\u00ebl. Faite dans une dentelle blanche avec motif de&hellip;<\/p>\n","protected":false},"featured_media":354040,"template":"","meta":[],"product_brand":[],"product_cat":[651,668,962,661],"product_tag":[],"class_list":{"0":"post-367571","1":"product","2":"type-product","3":"status-publish","4":"has-post-thumbnail","6":"product_cat-accessoires","7":"product_cat-capsule","8":"product_cat-sous-vetements-pyjama-selection","9":"product_cat-tout-voir","10":"pa_taille-l-40-2","11":"pa_taille-m-38-2","12":"pa_taille-s-36-2","13":"pa_taille-sur-mesure-fr-2","14":"pa_taille-xl-42-fr-2","15":"pa_taille-xs-34-2","17":"first","18":"instock","19":"taxable","20":"shipping-taxable","21":"purchasable","22":"product-type-variable"},"_links":{"self":[{"href":"https:\/\/maisoncleo.com\/fr\/wp-json\/wp\/v2\/product\/367571","targetHints":{"allow":["GET"]}}],"collection":[{"href":"https:\/\/maisoncleo.com\/fr\/wp-json\/wp\/v2\/product"}],"about":[{"href":"https:\/\/maisoncleo.com\/fr\/wp-json\/wp\/v2\/types\/product"}],"version-history":[{"count":1,"href":"https:\/\/maisoncleo.com\/fr\/wp-json\/wp\/v2\/product\/367571\/revisions"}],"predecessor-version":[{"id":367598,"href":"https:\/\/maisoncleo.com\/fr\/wp-json\/wp\/v2\/product\/367571\/revisions\/367598"}],"wp:featuredmedia":[{"embeddable":true,"href":"https:\/\/maisoncleo.com\/fr\/wp-json\/wp\/v2\/media\/354040"}],"wp:attachment":[{"href":"https:\/\/maisoncleo.com\/fr\/wp-json\/wp\/v2\/media?parent=367571"}],"wp:term":[{"taxonomy":"product_brand","embeddable":true,"href":"https:\/\/maisoncleo.com\/fr\/wp-json\/wp\/v2\/product_brand?post=367571"},{"taxonomy":"product_cat","embeddable":true,"href":"https:\/\/maisoncleo.com\/fr\/wp-json\/wp\/v2\/product_cat?post=367571"},{"taxonomy":"product_tag","embeddable":true,"href":"https:\/\/maisoncleo.com\/fr\/wp-json\/wp\/v2\/product_tag?post=367571"}],"curies":[{"name":"wp","href":"https:\/\/api.w.org\/{rel}","templated":true}]}}