{"id":367537,"date":"2024-09-10T10:12:52","date_gmt":"2024-09-10T17:04:33","guid":{"rendered":"https:\/\/maisoncleo.com\/\/?post_type=product&#038;p=367537"},"modified":"2024-09-10T21:24:53","modified_gmt":"2024-09-10T19:24:53","slug":"robe-en-mousseline-de-soie-fluide-fleurie-multicolore-nine-2","status":"publish","type":"product","link":"https:\/\/maisoncleo.com\/fr\/shop\/robe-en-mousseline-de-soie-fluide-fleurie-multicolore-nine-2\/","title":{"rendered":"Robe en mousseline de soie fluide fleurie multicolore NINE"},"content":{"rendered":"<p>Notre robe Nine dans un nouveau tissu.<\/p>\n<p>Robe en mousseline de soie fluide fleurie multicolore sur fond noir.<\/p>\n<p>D\u00e9collet\u00e9 carr\u00e9 \u00e9lastiqu\u00e9 avec une ouverture milieu ferm\u00e9 par un lien, travail de smocks en dessous de la poitrine, petites manches bouffantes, longueur dessous genou.<\/p>\n<p>100% mousseline de soie fleurie provenant d\u2019une maison de Haute couture fran\u00e7aise. Doubl\u00e9e en mousseline de soie noire pour un rendu opaque.<\/p>\n<p>La mod\u00e8le mesure 173 cm et porte une taille S-36.<\/p>\n","protected":false},"excerpt":{"rendered":"<p>Notre robe Nine dans un nouveau tissu. Robe en mousseline de soie fluide fleurie multicolore sur fond noir. D\u00e9collet\u00e9 carr\u00e9 \u00e9lastiqu\u00e9 avec&hellip;<\/p>\n","protected":false},"featured_media":354193,"template":"","meta":[],"product_brand":[],"product_cat":[668,664,661],"product_tag":[],"class_list":{"0":"post-367537","1":"product","2":"type-product","3":"status-publish","4":"has-post-thumbnail","6":"product_cat-capsule","7":"product_cat-robes","8":"product_cat-tout-voir","9":"pa_taille-l-40-2","10":"pa_taille-m-38-2","11":"pa_taille-s-36-2","12":"pa_taille-sur-mesure-fr-2","13":"pa_taille-xl-42-fr-2","14":"pa_taille-xs-34-2","16":"first","17":"outofstock","18":"taxable","19":"shipping-taxable","20":"purchasable","21":"product-type-variable"},"_links":{"self":[{"href":"https:\/\/maisoncleo.com\/fr\/wp-json\/wp\/v2\/product\/367537","targetHints":{"allow":["GET"]}}],"collection":[{"href":"https:\/\/maisoncleo.com\/fr\/wp-json\/wp\/v2\/product"}],"about":[{"href":"https:\/\/maisoncleo.com\/fr\/wp-json\/wp\/v2\/types\/product"}],"version-history":[{"count":1,"href":"https:\/\/maisoncleo.com\/fr\/wp-json\/wp\/v2\/product\/367537\/revisions"}],"predecessor-version":[{"id":367559,"href":"https:\/\/maisoncleo.com\/fr\/wp-json\/wp\/v2\/product\/367537\/revisions\/367559"}],"wp:featuredmedia":[{"embeddable":true,"href":"https:\/\/maisoncleo.com\/fr\/wp-json\/wp\/v2\/media\/354193"}],"wp:attachment":[{"href":"https:\/\/maisoncleo.com\/fr\/wp-json\/wp\/v2\/media?parent=367537"}],"wp:term":[{"taxonomy":"product_brand","embeddable":true,"href":"https:\/\/maisoncleo.com\/fr\/wp-json\/wp\/v2\/product_brand?post=367537"},{"taxonomy":"product_cat","embeddable":true,"href":"https:\/\/maisoncleo.com\/fr\/wp-json\/wp\/v2\/product_cat?post=367537"},{"taxonomy":"product_tag","embeddable":true,"href":"https:\/\/maisoncleo.com\/fr\/wp-json\/wp\/v2\/product_tag?post=367537"}],"curies":[{"name":"wp","href":"https:\/\/api.w.org\/{rel}","templated":true}]}}