{"id":367513,"date":"2024-09-10T10:12:21","date_gmt":"2024-09-10T17:03:42","guid":{"rendered":"https:\/\/maisoncleo.com\/\/?post_type=product&#038;p=367513"},"modified":"2024-09-10T21:24:51","modified_gmt":"2024-09-10T19:24:51","slug":"blouse-beige-en-soie-et-dentelle-marron-annabelle","status":"publish","type":"product","link":"https:\/\/maisoncleo.com\/fr\/shop\/blouse-beige-en-soie-et-dentelle-marron-annabelle\/","title":{"rendered":"Blouse beige en soie et dentelle marron ANNABELLE"},"content":{"rendered":"<p>Blouse beige en soie sauvage et dentelle de Calais marron.\u00a0Col carr\u00e9 bord\u00e9 de dentelle. Manches longues \u00e0 poignets \u00e9lastiqu\u00e9s. Noeuds sur les poignets et le d\u00e9collet\u00e9. Elastiqu\u00e9e \u00e0 la taille avec bande \u00e9lastique.<\/p>\n<p>Longueur standard \u00e0 plat : 42 cm.<\/p>\n<p>Nouvelle version du LOOK 2 de notre d\u00e9fil\u00e9 automne hiver \u201cL\u2019Affranchie\u201d de septembre 2022.<\/p>\n<p>La mod\u00e8le mesure 173\u00a0cm et porte une taille S-36.<\/p>\n","protected":false},"excerpt":{"rendered":"<p>Blouse beige en soie sauvage et dentelle de Calais marron.\u00a0Col carr\u00e9 bord\u00e9 de dentelle. Manches longues \u00e0 poignets \u00e9lastiqu\u00e9s. Noeuds sur les&hellip;<\/p>\n","protected":false},"featured_media":354173,"template":"","meta":[],"product_brand":[],"product_cat":[663,668,661],"product_tag":[],"class_list":{"0":"post-367513","1":"product","2":"type-product","3":"status-publish","4":"has-post-thumbnail","6":"product_cat-blouses","7":"product_cat-capsule","8":"product_cat-tout-voir","9":"pa_taille-l-40-2","10":"pa_taille-m-38-2","11":"pa_taille-s-36-2","12":"pa_taille-sur-mesure-fr-2","13":"pa_taille-xl-42-fr-2","14":"pa_taille-xs-34-2","16":"first","17":"instock","18":"taxable","19":"shipping-taxable","20":"purchasable","21":"product-type-variable"},"_links":{"self":[{"href":"https:\/\/maisoncleo.com\/fr\/wp-json\/wp\/v2\/product\/367513","targetHints":{"allow":["GET"]}}],"collection":[{"href":"https:\/\/maisoncleo.com\/fr\/wp-json\/wp\/v2\/product"}],"about":[{"href":"https:\/\/maisoncleo.com\/fr\/wp-json\/wp\/v2\/types\/product"}],"version-history":[{"count":1,"href":"https:\/\/maisoncleo.com\/fr\/wp-json\/wp\/v2\/product\/367513\/revisions"}],"predecessor-version":[{"id":367531,"href":"https:\/\/maisoncleo.com\/fr\/wp-json\/wp\/v2\/product\/367513\/revisions\/367531"}],"wp:featuredmedia":[{"embeddable":true,"href":"https:\/\/maisoncleo.com\/fr\/wp-json\/wp\/v2\/media\/354173"}],"wp:attachment":[{"href":"https:\/\/maisoncleo.com\/fr\/wp-json\/wp\/v2\/media?parent=367513"}],"wp:term":[{"taxonomy":"product_brand","embeddable":true,"href":"https:\/\/maisoncleo.com\/fr\/wp-json\/wp\/v2\/product_brand?post=367513"},{"taxonomy":"product_cat","embeddable":true,"href":"https:\/\/maisoncleo.com\/fr\/wp-json\/wp\/v2\/product_cat?post=367513"},{"taxonomy":"product_tag","embeddable":true,"href":"https:\/\/maisoncleo.com\/fr\/wp-json\/wp\/v2\/product_tag?post=367513"}],"curies":[{"name":"wp","href":"https:\/\/api.w.org\/{rel}","templated":true}]}}