{"id":367468,"date":"2024-09-10T10:04:53","date_gmt":"2024-09-10T17:02:30","guid":{"rendered":"https:\/\/maisoncleo.com\/\/?post_type=product&#038;p=367468"},"modified":"2024-10-22T11:22:32","modified_gmt":"2024-10-22T09:22:32","slug":"the-babydoll-pack-chemise-de-nuit-culotte-paquet-cadeau","status":"publish","type":"product","link":"https:\/\/maisoncleo.com\/fr\/shop\/the-babydoll-pack-chemise-de-nuit-culotte-paquet-cadeau\/","title":{"rendered":"\u00ab\u00a0The babydoll Pack\u00a0\u00bb = Chemise de nuit + culotte + paquet cadeau"},"content":{"rendered":"<p>Pour cette p\u00e9riode de No\u00ebl 2023, nous avons cr\u00e9\u00e9e trois packs de nuit! Le cadeau parfait \u00e0 offrir \u00e0 votre meilleure amie, votre m\u00e8re, votre soeur, ou alors encore mieux, \u00e0 vous-m\u00eame! Chaque pack inclut un v\u00eatement de nuit, une culotte, et un paquet cadeau.<\/p>\n<p>\u00ab\u00a0The babydoll Pack\u00a0\u00bb = Chemise de nuit + culotte + paquet cadeau,<\/p>\n<p>Est compos\u00e9 de :<\/p>\n<ul>\n<li>&#8211; Notre premi\u00e8re chemise de nuit! Nous l&rsquo;avons imagin\u00e9 avec une coupe des ann\u00e9es 70, avec une coupe oversize trap\u00e8ze et des petites manches bouffantes, agr\u00e9ment\u00e9e de broderies anglaises. La plus mignonne des chemises de nuit, nous rappelant celles de nos grand-m\u00e8res. 100% coton.<\/li>\n<li><span style=\"font-size: 1.7rem;\">&#8211; Notre culotte en dentelle. Egalement la premi\u00e8re fois que l&rsquo;on fait des culottes! Faite dans une dentelle rose avec motifs de fleurs avec une jolie petite rose blanche cousu au niveau de la taille.<\/span><\/li>\n<li>&#8211; Un paquet cadeau. A noter : Nous n&rsquo;avons plus de ruban MC pour le moment.<\/li>\n<\/ul>\n<p>Le \u00ab\u00a0babydoll Christmas Pack\u00a0\u00bb est limit\u00e9 \u00e0 6 exemplaires.<\/p>\n","protected":false},"excerpt":{"rendered":"<p>Pour cette p\u00e9riode de No\u00ebl 2023, nous avons cr\u00e9\u00e9e trois packs de nuit! Le cadeau parfait \u00e0 offrir \u00e0 votre meilleure amie,&hellip;<\/p>\n","protected":false},"featured_media":354300,"template":"","meta":[],"product_brand":[],"product_cat":[663,667,668,962,661],"product_tag":[],"class_list":{"0":"post-367468","1":"product","2":"type-product","3":"status-publish","4":"has-post-thumbnail","6":"product_cat-blouses","7":"product_cat-dernieres-pieces","8":"product_cat-capsule","9":"product_cat-sous-vetements-pyjama-selection","10":"product_cat-tout-voir","11":"pa_taille-l-40-2","12":"pa_taille-m-38-2","13":"pa_taille-s-36-2","14":"pa_taille-sur-mesure-fr-2","15":"pa_taille-xl-42-fr-2","16":"pa_taille-xs-34-2","18":"first","19":"instock","20":"taxable","21":"shipping-taxable","22":"purchasable","23":"product-type-variable"},"_links":{"self":[{"href":"https:\/\/maisoncleo.com\/fr\/wp-json\/wp\/v2\/product\/367468","targetHints":{"allow":["GET"]}}],"collection":[{"href":"https:\/\/maisoncleo.com\/fr\/wp-json\/wp\/v2\/product"}],"about":[{"href":"https:\/\/maisoncleo.com\/fr\/wp-json\/wp\/v2\/types\/product"}],"version-history":[{"count":2,"href":"https:\/\/maisoncleo.com\/fr\/wp-json\/wp\/v2\/product\/367468\/revisions"}],"predecessor-version":[{"id":373118,"href":"https:\/\/maisoncleo.com\/fr\/wp-json\/wp\/v2\/product\/367468\/revisions\/373118"}],"wp:featuredmedia":[{"embeddable":true,"href":"https:\/\/maisoncleo.com\/fr\/wp-json\/wp\/v2\/media\/354300"}],"wp:attachment":[{"href":"https:\/\/maisoncleo.com\/fr\/wp-json\/wp\/v2\/media?parent=367468"}],"wp:term":[{"taxonomy":"product_brand","embeddable":true,"href":"https:\/\/maisoncleo.com\/fr\/wp-json\/wp\/v2\/product_brand?post=367468"},{"taxonomy":"product_cat","embeddable":true,"href":"https:\/\/maisoncleo.com\/fr\/wp-json\/wp\/v2\/product_cat?post=367468"},{"taxonomy":"product_tag","embeddable":true,"href":"https:\/\/maisoncleo.com\/fr\/wp-json\/wp\/v2\/product_tag?post=367468"}],"curies":[{"name":"wp","href":"https:\/\/api.w.org\/{rel}","templated":true}]}}