{"id":367444,"date":"2024-09-10T10:03:39","date_gmt":"2024-09-10T17:01:45","guid":{"rendered":"https:\/\/maisoncleo.com\/\/?post_type=product&#038;p=367444"},"modified":"2024-09-10T21:24:40","modified_gmt":"2024-09-10T19:24:40","slug":"manteau-denim-et-impermeable-a-gros-pois-blancs-avec-col-en-fausse-fourrure-marron","status":"publish","type":"product","link":"https:\/\/maisoncleo.com\/fr\/shop\/manteau-denim-et-impermeable-a-gros-pois-blancs-avec-col-en-fausse-fourrure-marron\/","title":{"rendered":"Manteau denim et imperm\u00e9able \u00e0 gros pois blancs avec col en fausse fourrure marron"},"content":{"rendered":"<p>Manteau denim et imperm\u00e9able \u00e0 gros pois blancs avec col en fausse fourrure marron.<\/p>\n<p>Coupe oversize droite. Fermeture avec des gros boutons marrons sur le devant. Poches c\u00f4t\u00e9s.<\/p>\n<p>La mod\u00e8le mesure 1m73 et porte une taille S-36.<\/p>\n","protected":false},"excerpt":{"rendered":"<p>Manteau denim et imperm\u00e9able \u00e0 gros pois blancs avec col en fausse fourrure marron. Coupe oversize droite. Fermeture avec des gros boutons&hellip;<\/p>\n","protected":false},"featured_media":353999,"template":"","meta":[],"product_brand":[],"product_cat":[667,661,665],"product_tag":[],"class_list":{"0":"post-367444","1":"product","2":"type-product","3":"status-publish","4":"has-post-thumbnail","6":"product_cat-dernieres-pieces","7":"product_cat-tout-voir","8":"product_cat-vestes-manteaux","9":"pa_taille-l-40-2","10":"pa_taille-m-38-2","11":"pa_taille-s-36-2","12":"pa_taille-sur-mesure-fr-2","13":"pa_taille-xl-42-fr-2","14":"pa_taille-xs-34-2","16":"first","17":"instock","18":"taxable","19":"shipping-taxable","20":"purchasable","21":"product-type-variable"},"_links":{"self":[{"href":"https:\/\/maisoncleo.com\/fr\/wp-json\/wp\/v2\/product\/367444","targetHints":{"allow":["GET"]}}],"collection":[{"href":"https:\/\/maisoncleo.com\/fr\/wp-json\/wp\/v2\/product"}],"about":[{"href":"https:\/\/maisoncleo.com\/fr\/wp-json\/wp\/v2\/types\/product"}],"version-history":[{"count":1,"href":"https:\/\/maisoncleo.com\/fr\/wp-json\/wp\/v2\/product\/367444\/revisions"}],"predecessor-version":[{"id":367464,"href":"https:\/\/maisoncleo.com\/fr\/wp-json\/wp\/v2\/product\/367444\/revisions\/367464"}],"wp:featuredmedia":[{"embeddable":true,"href":"https:\/\/maisoncleo.com\/fr\/wp-json\/wp\/v2\/media\/353999"}],"wp:attachment":[{"href":"https:\/\/maisoncleo.com\/fr\/wp-json\/wp\/v2\/media?parent=367444"}],"wp:term":[{"taxonomy":"product_brand","embeddable":true,"href":"https:\/\/maisoncleo.com\/fr\/wp-json\/wp\/v2\/product_brand?post=367444"},{"taxonomy":"product_cat","embeddable":true,"href":"https:\/\/maisoncleo.com\/fr\/wp-json\/wp\/v2\/product_cat?post=367444"},{"taxonomy":"product_tag","embeddable":true,"href":"https:\/\/maisoncleo.com\/fr\/wp-json\/wp\/v2\/product_tag?post=367444"}],"curies":[{"name":"wp","href":"https:\/\/api.w.org\/{rel}","templated":true}]}}