{"id":367427,"date":"2024-09-10T10:01:50","date_gmt":"2024-09-10T17:01:20","guid":{"rendered":"https:\/\/maisoncleo.com\/\/?post_type=product&#038;p=367427"},"modified":"2024-09-10T21:24:37","modified_gmt":"2024-09-10T19:24:37","slug":"robe-noire-en-velours-noir-avec-col-en-dentelle-brodee-perlee","status":"publish","type":"product","link":"https:\/\/maisoncleo.com\/fr\/shop\/robe-noire-en-velours-noir-avec-col-en-dentelle-brodee-perlee\/","title":{"rendered":"Robe noire en velours noir avec col en dentelle brod\u00e9e perl\u00e9e"},"content":{"rendered":"<p>Inspir\u00e9e par notre robe Josepha, nouvelle version en velours noir. Manches longues avec larges poignets, manches bouffantes, bas de robe volant\u00e9 oversize, lien \u00e0 nouer dans le haut du dos.<\/p>\n<p>J&rsquo;ai trouv\u00e9 cette incroyable dentelle brod\u00e9e et perl\u00e9e avec des perles et des sequins provenant d&rsquo;un lot de Haute-Couture que nous avons utilis\u00e9 en col. Cette pi\u00e8ce de dentelle tr\u00e8s travaill\u00e9e et unique et tr\u00e8s d\u00e9licate.<\/p>\n<p>La mod\u00e8le mesure 1m73 et porte une taille S-36.<\/p>\n","protected":false},"excerpt":{"rendered":"<p>Inspir\u00e9e par notre robe Josepha, nouvelle version en velours noir. Manches longues avec larges poignets, manches bouffantes, bas de robe volant\u00e9 oversize,&hellip;<\/p>\n","protected":false},"featured_media":353947,"template":"","meta":[],"product_brand":[],"product_cat":[667,664,661],"product_tag":[],"class_list":{"0":"post-367427","1":"product","2":"type-product","3":"status-publish","4":"has-post-thumbnail","6":"product_cat-dernieres-pieces","7":"product_cat-robes","8":"product_cat-tout-voir","9":"pa_taille-l-40-2","10":"pa_taille-m-38-2","11":"pa_taille-s-36-2","12":"pa_taille-sur-mesure-fr-2","13":"pa_taille-xl-42-fr-2","14":"pa_taille-xs-34-2","16":"first","17":"instock","18":"taxable","19":"shipping-taxable","20":"purchasable","21":"product-type-variable"},"_links":{"self":[{"href":"https:\/\/maisoncleo.com\/fr\/wp-json\/wp\/v2\/product\/367427","targetHints":{"allow":["GET"]}}],"collection":[{"href":"https:\/\/maisoncleo.com\/fr\/wp-json\/wp\/v2\/product"}],"about":[{"href":"https:\/\/maisoncleo.com\/fr\/wp-json\/wp\/v2\/types\/product"}],"version-history":[{"count":1,"href":"https:\/\/maisoncleo.com\/fr\/wp-json\/wp\/v2\/product\/367427\/revisions"}],"predecessor-version":[{"id":367445,"href":"https:\/\/maisoncleo.com\/fr\/wp-json\/wp\/v2\/product\/367427\/revisions\/367445"}],"wp:featuredmedia":[{"embeddable":true,"href":"https:\/\/maisoncleo.com\/fr\/wp-json\/wp\/v2\/media\/353947"}],"wp:attachment":[{"href":"https:\/\/maisoncleo.com\/fr\/wp-json\/wp\/v2\/media?parent=367427"}],"wp:term":[{"taxonomy":"product_brand","embeddable":true,"href":"https:\/\/maisoncleo.com\/fr\/wp-json\/wp\/v2\/product_brand?post=367427"},{"taxonomy":"product_cat","embeddable":true,"href":"https:\/\/maisoncleo.com\/fr\/wp-json\/wp\/v2\/product_cat?post=367427"},{"taxonomy":"product_tag","embeddable":true,"href":"https:\/\/maisoncleo.com\/fr\/wp-json\/wp\/v2\/product_tag?post=367427"}],"curies":[{"name":"wp","href":"https:\/\/api.w.org\/{rel}","templated":true}]}}