{"id":367404,"date":"2024-09-10T09:58:26","date_gmt":"2024-09-10T17:00:56","guid":{"rendered":"https:\/\/maisoncleo.com\/\/?post_type=product&#038;p=367404"},"modified":"2025-08-07T15:38:21","modified_gmt":"2025-08-07T13:38:21","slug":"robe-longue-romantique-morane-en-satin-de-soie-marron-a-pois","status":"publish","type":"product","link":"https:\/\/maisoncleo.com\/fr\/shop\/robe-longue-romantique-morane-en-satin-de-soie-marron-a-pois\/","title":{"rendered":"Robe longue romantique MORANE en satin de soie marron \u00e0 pois"},"content":{"rendered":"<p>Robe longue romantique en satin de soie marron imprim\u00e9 \u00e0 pois.<\/p>\n<p>Manches courtes bouffantes \u00e9lastiques, d\u00e9collet\u00e9 montant se fermant avec un lien dans le haut du d\u00e9collet\u00e9, d\u00e9coupe au niveau de la poitrine. Coupe ajust\u00e9e et fluide dans le bas avec une finition traditionnelle en point bourdon. Fermeture \u00e9clair invisible sur le c\u00f4t\u00e9.<\/p>\n<p>La mod\u00e8le mesure 1m73 et porte une taille S-36.<\/p>\n<p>A noter avant de passer commande : Nous avons eu plusieurs demandes sur le retour de cette robe, nous avons donc retrouv\u00e9 du tissu, mais un marron chocolat uni et plus avec des pois cette fois, voir derni\u00e8re photo.<\/p>\n","protected":false},"excerpt":{"rendered":"<p>Robe longue romantique en satin de soie marron imprim\u00e9 \u00e0 pois. Manches courtes bouffantes \u00e9lastiques, d\u00e9collet\u00e9 montant se fermant avec un lien&hellip;<\/p>\n","protected":false},"featured_media":354446,"template":"","meta":[],"product_brand":[],"product_cat":[668,664,661],"product_tag":[],"class_list":{"0":"post-367404","1":"product","2":"type-product","3":"status-publish","4":"has-post-thumbnail","6":"product_cat-capsule","7":"product_cat-robes","8":"product_cat-tout-voir","10":"first","11":"instock","12":"taxable","13":"shipping-taxable","14":"purchasable","15":"product-type-variable"},"_links":{"self":[{"href":"https:\/\/maisoncleo.com\/fr\/wp-json\/wp\/v2\/product\/367404","targetHints":{"allow":["GET"]}}],"collection":[{"href":"https:\/\/maisoncleo.com\/fr\/wp-json\/wp\/v2\/product"}],"about":[{"href":"https:\/\/maisoncleo.com\/fr\/wp-json\/wp\/v2\/types\/product"}],"version-history":[{"count":2,"href":"https:\/\/maisoncleo.com\/fr\/wp-json\/wp\/v2\/product\/367404\/revisions"}],"predecessor-version":[{"id":383999,"href":"https:\/\/maisoncleo.com\/fr\/wp-json\/wp\/v2\/product\/367404\/revisions\/383999"}],"wp:featuredmedia":[{"embeddable":true,"href":"https:\/\/maisoncleo.com\/fr\/wp-json\/wp\/v2\/media\/354446"}],"wp:attachment":[{"href":"https:\/\/maisoncleo.com\/fr\/wp-json\/wp\/v2\/media?parent=367404"}],"wp:term":[{"taxonomy":"product_brand","embeddable":true,"href":"https:\/\/maisoncleo.com\/fr\/wp-json\/wp\/v2\/product_brand?post=367404"},{"taxonomy":"product_cat","embeddable":true,"href":"https:\/\/maisoncleo.com\/fr\/wp-json\/wp\/v2\/product_cat?post=367404"},{"taxonomy":"product_tag","embeddable":true,"href":"https:\/\/maisoncleo.com\/fr\/wp-json\/wp\/v2\/product_tag?post=367404"}],"curies":[{"name":"wp","href":"https:\/\/api.w.org\/{rel}","templated":true}]}}