{"id":367403,"date":"2024-09-10T09:58:26","date_gmt":"2024-09-10T07:58:26","guid":{"rendered":"https:\/\/maisoncleo.com\/\/?post_type=product&#038;p=367403"},"modified":"2025-08-19T15:23:31","modified_gmt":"2025-08-19T13:23:31","slug":"top-a-motif-pois-marrons-en-soie-et-detail-ruban-rose","status":"publish","type":"product","link":"https:\/\/maisoncleo.com\/fr\/shop\/top-a-motif-pois-marrons-en-soie-et-detail-ruban-rose\/","title":{"rendered":"Top \u00e0 motif pois marrons en soie et d\u00e9tail ruban rose"},"content":{"rendered":"<p>Top \u00e0 motif pois marrons et d\u00e9tail ruban rose.<\/p>\n<p>Encolure d\u00e9collet\u00e9e, bord\u00e9 de dentelle blanche et d\u2019un ruban rose \u00e0 nouer. Ajust\u00e9, coupe effet corset. Petites manches bouffantes, \u00e9lastiqu\u00e9es. 100% soie, opaque.<\/p>\n<p>Longueur totale \u00e0 plat: 32 cm.<\/p>\n<p>La mod\u00e8le mesure 1m73 et porte une taille S-36.<\/p>\n<p>A noter : Le tissu dentelle marron \u00e0 pois des photos port\u00e9es est maintenant \u00e9puis\u00e9. La blouse est maintenant faite avec la nouvelle soie marron chocolat unie sur les deux derni\u00e8res photos \ud83d\ude42<\/p>\n","protected":false},"excerpt":{"rendered":"<p>Top \u00e0 motif pois marrons et d\u00e9tail ruban rose. Encolure d\u00e9collet\u00e9e, bord\u00e9 de dentelle blanche et d\u2019un ruban rose \u00e0 nouer. Ajust\u00e9,&hellip;<\/p>\n","protected":false},"featured_media":354117,"template":"","meta":[],"product_brand":[],"product_cat":[668,674,661],"product_tag":[],"class_list":{"0":"post-367403","1":"product","2":"type-product","3":"status-publish","4":"has-post-thumbnail","6":"product_cat-capsule","7":"product_cat-tops","8":"product_cat-tout-voir","10":"first","11":"instock","12":"taxable","13":"shipping-taxable","14":"purchasable","15":"product-type-variable"},"_links":{"self":[{"href":"https:\/\/maisoncleo.com\/fr\/wp-json\/wp\/v2\/product\/367403","targetHints":{"allow":["GET"]}}],"collection":[{"href":"https:\/\/maisoncleo.com\/fr\/wp-json\/wp\/v2\/product"}],"about":[{"href":"https:\/\/maisoncleo.com\/fr\/wp-json\/wp\/v2\/types\/product"}],"version-history":[{"count":2,"href":"https:\/\/maisoncleo.com\/fr\/wp-json\/wp\/v2\/product\/367403\/revisions"}],"predecessor-version":[{"id":389994,"href":"https:\/\/maisoncleo.com\/fr\/wp-json\/wp\/v2\/product\/367403\/revisions\/389994"}],"wp:featuredmedia":[{"embeddable":true,"href":"https:\/\/maisoncleo.com\/fr\/wp-json\/wp\/v2\/media\/354117"}],"wp:attachment":[{"href":"https:\/\/maisoncleo.com\/fr\/wp-json\/wp\/v2\/media?parent=367403"}],"wp:term":[{"taxonomy":"product_brand","embeddable":true,"href":"https:\/\/maisoncleo.com\/fr\/wp-json\/wp\/v2\/product_brand?post=367403"},{"taxonomy":"product_cat","embeddable":true,"href":"https:\/\/maisoncleo.com\/fr\/wp-json\/wp\/v2\/product_cat?post=367403"},{"taxonomy":"product_tag","embeddable":true,"href":"https:\/\/maisoncleo.com\/fr\/wp-json\/wp\/v2\/product_tag?post=367403"}],"curies":[{"name":"wp","href":"https:\/\/api.w.org\/{rel}","templated":true}]}}