{"id":367402,"date":"2024-09-10T09:58:26","date_gmt":"2024-09-10T07:58:26","guid":{"rendered":"https:\/\/maisoncleo.com\/\/?post_type=product&#038;p=367402"},"modified":"2025-08-19T15:19:00","modified_gmt":"2025-08-19T13:19:00","slug":"jupe-mi-longue-a-motif-pois-marrons-en-soie","status":"publish","type":"product","link":"https:\/\/maisoncleo.com\/fr\/shop\/jupe-mi-longue-a-motif-pois-marrons-en-soie\/","title":{"rendered":"Jupe mi-longue \u00e0 motif pois marrons en soie"},"content":{"rendered":"<p>Jupe mi-longue \u00e0 motif pois marrons en soie.<\/p>\n<p>Taille \u00e9lastiqu\u00e9e, finition bourdon. Coupe \u00e9vas\u00e9e. 100% soie, opaque.<\/p>\n<p>Longueur totale \u00e0 plat: 65 cm.<\/p>\n<p>La mod\u00e8le mesure 1m73 et porte une taille S-36.<\/p>\n<p>A noter : Le tissu marron \u00e0 pois d&rsquo;origine des photos port\u00e9es est maintenant \u00e9puis\u00e9. La blouse est maintenant faite avec la nouvelle soie marron unie chocolat visible sur la derni\u00e8re photo \ud83d\ude42<\/p>\n","protected":false},"excerpt":{"rendered":"<p>Jupe mi-longue \u00e0 motif pois marrons en soie. Taille \u00e9lastiqu\u00e9e, finition bourdon. Coupe \u00e9vas\u00e9e. 100% soie, opaque. Longueur totale \u00e0 plat: 65&hellip;<\/p>\n","protected":false},"featured_media":354126,"template":"","meta":[],"product_brand":[],"product_cat":[672,668,661],"product_tag":[],"class_list":{"0":"post-367402","1":"product","2":"type-product","3":"status-publish","4":"has-post-thumbnail","6":"product_cat-jupes","7":"product_cat-capsule","8":"product_cat-tout-voir","10":"first","11":"instock","12":"taxable","13":"shipping-taxable","14":"purchasable","15":"product-type-variable"},"_links":{"self":[{"href":"https:\/\/maisoncleo.com\/fr\/wp-json\/wp\/v2\/product\/367402","targetHints":{"allow":["GET"]}}],"collection":[{"href":"https:\/\/maisoncleo.com\/fr\/wp-json\/wp\/v2\/product"}],"about":[{"href":"https:\/\/maisoncleo.com\/fr\/wp-json\/wp\/v2\/types\/product"}],"version-history":[{"count":2,"href":"https:\/\/maisoncleo.com\/fr\/wp-json\/wp\/v2\/product\/367402\/revisions"}],"predecessor-version":[{"id":389992,"href":"https:\/\/maisoncleo.com\/fr\/wp-json\/wp\/v2\/product\/367402\/revisions\/389992"}],"wp:featuredmedia":[{"embeddable":true,"href":"https:\/\/maisoncleo.com\/fr\/wp-json\/wp\/v2\/media\/354126"}],"wp:attachment":[{"href":"https:\/\/maisoncleo.com\/fr\/wp-json\/wp\/v2\/media?parent=367402"}],"wp:term":[{"taxonomy":"product_brand","embeddable":true,"href":"https:\/\/maisoncleo.com\/fr\/wp-json\/wp\/v2\/product_brand?post=367402"},{"taxonomy":"product_cat","embeddable":true,"href":"https:\/\/maisoncleo.com\/fr\/wp-json\/wp\/v2\/product_cat?post=367402"},{"taxonomy":"product_tag","embeddable":true,"href":"https:\/\/maisoncleo.com\/fr\/wp-json\/wp\/v2\/product_tag?post=367402"}],"curies":[{"name":"wp","href":"https:\/\/api.w.org\/{rel}","templated":true}]}}