{"id":367376,"date":"2024-09-10T09:56:25","date_gmt":"2024-09-10T17:00:05","guid":{"rendered":"https:\/\/maisoncleo.com\/\/?post_type=product&#038;p=367376"},"modified":"2024-09-10T21:24:55","modified_gmt":"2024-09-10T19:24:55","slug":"robe-chasuble-trapeze-en-soie-duchesse-fleurie","status":"publish","type":"product","link":"https:\/\/maisoncleo.com\/fr\/shop\/robe-chasuble-trapeze-en-soie-duchesse-fleurie\/","title":{"rendered":"Robe chasuble trap\u00e8ze en soie duchesse fleurie"},"content":{"rendered":"<p>Robe chasuble trap\u00e8ze en soie duchesse fleurie.<\/p>\n<p>Robe chasuble \u00e0 enfiler, coupe trap\u00e8ze, d\u00e9collet\u00e9 arrondi. \u00a0Motif fleuri et tissu en soie duchesse.<\/p>\n<p>La mod\u00e8le mesure 1m73 et porte une taille S-36.<\/p>\n","protected":false},"excerpt":{"rendered":"<p>Robe chasuble trap\u00e8ze en soie duchesse fleurie. Robe chasuble \u00e0 enfiler, coupe trap\u00e8ze, d\u00e9collet\u00e9 arrondi. \u00a0Motif fleuri et tissu en soie duchesse.&hellip;<\/p>\n","protected":false},"featured_media":354220,"template":"","meta":[],"product_brand":[],"product_cat":[667,664,661],"product_tag":[],"class_list":{"0":"post-367376","1":"product","2":"type-product","3":"status-publish","4":"has-post-thumbnail","6":"product_cat-dernieres-pieces","7":"product_cat-robes","8":"product_cat-tout-voir","9":"pa_taille-l-40-2","10":"pa_taille-m-38-2","11":"pa_taille-s-36-2","12":"pa_taille-sur-mesure-fr-2","13":"pa_taille-xl-42-fr-2","14":"pa_taille-xs-34-2","16":"first","17":"instock","18":"taxable","19":"shipping-taxable","20":"purchasable","21":"product-type-variable"},"_links":{"self":[{"href":"https:\/\/maisoncleo.com\/fr\/wp-json\/wp\/v2\/product\/367376","targetHints":{"allow":["GET"]}}],"collection":[{"href":"https:\/\/maisoncleo.com\/fr\/wp-json\/wp\/v2\/product"}],"about":[{"href":"https:\/\/maisoncleo.com\/fr\/wp-json\/wp\/v2\/types\/product"}],"version-history":[{"count":1,"href":"https:\/\/maisoncleo.com\/fr\/wp-json\/wp\/v2\/product\/367376\/revisions"}],"predecessor-version":[{"id":367560,"href":"https:\/\/maisoncleo.com\/fr\/wp-json\/wp\/v2\/product\/367376\/revisions\/367560"}],"wp:featuredmedia":[{"embeddable":true,"href":"https:\/\/maisoncleo.com\/fr\/wp-json\/wp\/v2\/media\/354220"}],"wp:attachment":[{"href":"https:\/\/maisoncleo.com\/fr\/wp-json\/wp\/v2\/media?parent=367376"}],"wp:term":[{"taxonomy":"product_brand","embeddable":true,"href":"https:\/\/maisoncleo.com\/fr\/wp-json\/wp\/v2\/product_brand?post=367376"},{"taxonomy":"product_cat","embeddable":true,"href":"https:\/\/maisoncleo.com\/fr\/wp-json\/wp\/v2\/product_cat?post=367376"},{"taxonomy":"product_tag","embeddable":true,"href":"https:\/\/maisoncleo.com\/fr\/wp-json\/wp\/v2\/product_tag?post=367376"}],"curies":[{"name":"wp","href":"https:\/\/api.w.org\/{rel}","templated":true}]}}