{"id":367373,"date":"2024-09-10T09:55:48","date_gmt":"2024-09-10T17:00:05","guid":{"rendered":"https:\/\/maisoncleo.com\/\/?post_type=product&#038;p=367373"},"modified":"2024-11-28T03:20:52","modified_gmt":"2024-11-28T01:20:52","slug":"the-comfy-pack-pyjamas-culotte-paquet-cadeau","status":"publish","type":"product","link":"https:\/\/maisoncleo.com\/fr\/shop\/the-comfy-pack-pyjamas-culotte-paquet-cadeau\/","title":{"rendered":"\u00ab\u00a0The comfy Pack\u00a0\u00bb = Pyjamas + culotte + paquet cadeau"},"content":{"rendered":"<p>Pour cette p\u00e9riode de No\u00ebl 2023, nous avons cr\u00e9\u00e9e trois packs de nuit! Le cadeau parfait \u00e0 offrir \u00e0 votre meilleure amie, votre m\u00e8re, votre soeur, ou alors encore mieux, \u00e0 vous-m\u00eame! Chaque pack inclut un v\u00eatement de nuit, une culotte, et un paquet cadeau.<\/p>\n<p>\u00ab\u00a0The comfy Pack\u00a0\u00bb = Pyjamas + culotte + paquet cadeau,<\/p>\n<p>Est compos\u00e9 de :<\/p>\n<ul>\n<li>&#8211; Notre premier pyjama! Compos\u00e9 d&rsquo;une chemise en soie manches longues boutonn\u00e9e et d&rsquo;un pantalon en soie \u00e9lastiqu\u00e9e \u00e0 la taille. Broderie MaisonCl\u00e9o \u00ab\u00a0MC\u00a0\u00bb sur la poche avant de la chemise. L\u00e9ger comme une plume, doux comme une seconde peau.<\/li>\n<li><span style=\"font-size: 1.7rem;\">&#8211; Notre culotte en dentelle. Egalement la premiere fois que l&rsquo;on fait des culottes! Faite dans une dentelle blanche avec motif de fleurs avec un joli petit noeud sur la taille.<\/span><\/li>\n<li>&#8211; Un paquet cadeau<\/li>\n<\/ul>\n<p>Le \u00ab\u00a0comfy Christmas Pack\u00a0\u00bb est limit\u00e9 \u00e0 10 exemplaires.<\/p>\n","protected":false},"excerpt":{"rendered":"<p>Pour cette p\u00e9riode de No\u00ebl 2023, nous avons cr\u00e9\u00e9e trois packs de nuit! Le cadeau parfait \u00e0 offrir \u00e0 votre meilleure amie,&hellip;<\/p>\n","protected":false},"featured_media":354037,"template":"","meta":[],"product_brand":[],"product_cat":[663,667,668,962,661],"product_tag":[],"class_list":{"0":"post-367373","1":"product","2":"type-product","3":"status-publish","4":"has-post-thumbnail","6":"product_cat-blouses","7":"product_cat-dernieres-pieces","8":"product_cat-capsule","9":"product_cat-sous-vetements-pyjama-selection","10":"product_cat-tout-voir","11":"pa_taille-l-40-2","12":"pa_taille-m-38-2","13":"pa_taille-s-36-2","14":"pa_taille-sur-mesure-fr-2","15":"pa_taille-xl-42-fr-2","16":"pa_taille-xs-34-2","18":"first","19":"instock","20":"taxable","21":"shipping-taxable","22":"purchasable","23":"product-type-variable"},"_links":{"self":[{"href":"https:\/\/maisoncleo.com\/fr\/wp-json\/wp\/v2\/product\/367373","targetHints":{"allow":["GET"]}}],"collection":[{"href":"https:\/\/maisoncleo.com\/fr\/wp-json\/wp\/v2\/product"}],"about":[{"href":"https:\/\/maisoncleo.com\/fr\/wp-json\/wp\/v2\/types\/product"}],"version-history":[{"count":1,"href":"https:\/\/maisoncleo.com\/fr\/wp-json\/wp\/v2\/product\/367373\/revisions"}],"predecessor-version":[{"id":367493,"href":"https:\/\/maisoncleo.com\/fr\/wp-json\/wp\/v2\/product\/367373\/revisions\/367493"}],"wp:featuredmedia":[{"embeddable":true,"href":"https:\/\/maisoncleo.com\/fr\/wp-json\/wp\/v2\/media\/354037"}],"wp:attachment":[{"href":"https:\/\/maisoncleo.com\/fr\/wp-json\/wp\/v2\/media?parent=367373"}],"wp:term":[{"taxonomy":"product_brand","embeddable":true,"href":"https:\/\/maisoncleo.com\/fr\/wp-json\/wp\/v2\/product_brand?post=367373"},{"taxonomy":"product_cat","embeddable":true,"href":"https:\/\/maisoncleo.com\/fr\/wp-json\/wp\/v2\/product_cat?post=367373"},{"taxonomy":"product_tag","embeddable":true,"href":"https:\/\/maisoncleo.com\/fr\/wp-json\/wp\/v2\/product_tag?post=367373"}],"curies":[{"name":"wp","href":"https:\/\/api.w.org\/{rel}","templated":true}]}}