{"id":367372,"date":"2024-09-10T09:55:48","date_gmt":"2024-09-10T17:00:05","guid":{"rendered":"https:\/\/maisoncleo.com\/\/?post_type=product&#038;p=367372"},"modified":"2024-09-10T21:24:29","modified_gmt":"2024-09-10T19:24:29","slug":"chemise-de-pyjama-en-soie-blanc-casse-avec-broderie-maisoncleo","status":"publish","type":"product","link":"https:\/\/maisoncleo.com\/fr\/shop\/chemise-de-pyjama-en-soie-blanc-casse-avec-broderie-maisoncleo\/","title":{"rendered":"Chemise de pyjama en soie blanc cass\u00e9 avec broderie MaisonCl\u00e9o"},"content":{"rendered":"<p>Notre premier design de v\u00eatement de nuit, fabriqu\u00e9 dans un tissu en satin de soie.<\/p>\n<p>L\u00e9g\u00e8re comme une plume, irr\u00e9sistiblement douce comme une seconde peau. Toucher doux, manches longues, boutonn\u00e9e sur le devant, broderie \u00ab\u00a0MaisonCl\u00e9o\u00a0\u00bb sur la poche avant.<\/p>\n<p>A porter avec notre pantalon de pyjama en soie en ensemble pour se glisser dans votre ensemble de nuit pr\u00e9f\u00e9r\u00e9.<\/p>\n<p>La mod\u00e8le mesure 1m73 et porte une taille S-36.<\/p>\n","protected":false},"excerpt":{"rendered":"<p>Notre premier design de v\u00eatement de nuit, fabriqu\u00e9 dans un tissu en satin de soie. L\u00e9g\u00e8re comme une plume, irr\u00e9sistiblement douce comme&hellip;<\/p>\n","protected":false},"featured_media":353821,"template":"","meta":[],"product_brand":[],"product_cat":[668,674,661],"product_tag":[],"class_list":{"0":"post-367372","1":"product","2":"type-product","3":"status-publish","4":"has-post-thumbnail","6":"product_cat-capsule","7":"product_cat-tops","8":"product_cat-tout-voir","9":"pa_taille-l-40-2","10":"pa_taille-m-38-2","11":"pa_taille-s-36-2","12":"pa_taille-sur-mesure-fr-2","13":"pa_taille-xl-42-fr-2","14":"pa_taille-xs-34-2","16":"first","17":"instock","18":"taxable","19":"shipping-taxable","20":"purchasable","21":"product-type-variable"},"_links":{"self":[{"href":"https:\/\/maisoncleo.com\/fr\/wp-json\/wp\/v2\/product\/367372","targetHints":{"allow":["GET"]}}],"collection":[{"href":"https:\/\/maisoncleo.com\/fr\/wp-json\/wp\/v2\/product"}],"about":[{"href":"https:\/\/maisoncleo.com\/fr\/wp-json\/wp\/v2\/types\/product"}],"version-history":[{"count":1,"href":"https:\/\/maisoncleo.com\/fr\/wp-json\/wp\/v2\/product\/367372\/revisions"}],"predecessor-version":[{"id":367393,"href":"https:\/\/maisoncleo.com\/fr\/wp-json\/wp\/v2\/product\/367372\/revisions\/367393"}],"wp:featuredmedia":[{"embeddable":true,"href":"https:\/\/maisoncleo.com\/fr\/wp-json\/wp\/v2\/media\/353821"}],"wp:attachment":[{"href":"https:\/\/maisoncleo.com\/fr\/wp-json\/wp\/v2\/media?parent=367372"}],"wp:term":[{"taxonomy":"product_brand","embeddable":true,"href":"https:\/\/maisoncleo.com\/fr\/wp-json\/wp\/v2\/product_brand?post=367372"},{"taxonomy":"product_cat","embeddable":true,"href":"https:\/\/maisoncleo.com\/fr\/wp-json\/wp\/v2\/product_cat?post=367372"},{"taxonomy":"product_tag","embeddable":true,"href":"https:\/\/maisoncleo.com\/fr\/wp-json\/wp\/v2\/product_tag?post=367372"}],"curies":[{"name":"wp","href":"https:\/\/api.w.org\/{rel}","templated":true}]}}