{"id":367357,"date":"2024-09-10T09:54:00","date_gmt":"2024-09-10T16:59:42","guid":{"rendered":"https:\/\/maisoncleo.com\/\/?post_type=product&#038;p=367357"},"modified":"2026-01-28T14:19:02","modified_gmt":"2026-01-28T12:19:02","slug":"robe-chasuble-trapeze-en-organza-de-soie-dore","status":"publish","type":"product","link":"https:\/\/maisoncleo.com\/fr\/shop\/robe-chasuble-trapeze-en-organza-de-soie-dore\/","title":{"rendered":"Robe chasuble trap\u00e8ze en organza de soie dor\u00e9"},"content":{"rendered":"<p>Robe chasuble trap\u00e8ze en organza de soie or.<\/p>\n<p>Robe chasuble \u00e0 enfiler, coupe trap\u00e8ze, d\u00e9collet\u00e9 arrondi. Organza de soie \u00e9pais dor\u00e9 et brillant.<\/p>\n<p>La mod\u00e8le mesure 1m73 et porte une taille S-36.<\/p>\n","protected":false},"excerpt":{"rendered":"<p>Robe chasuble trap\u00e8ze en organza de soie or. Robe chasuble \u00e0 enfiler, coupe trap\u00e8ze, d\u00e9collet\u00e9 arrondi. Organza de soie \u00e9pais dor\u00e9 et&hellip;<\/p>\n","protected":false},"featured_media":354240,"template":"","meta":[],"product_brand":[],"product_cat":[667,664,661],"product_tag":[],"class_list":{"0":"post-367357","1":"product","2":"type-product","3":"status-publish","4":"has-post-thumbnail","6":"product_cat-dernieres-pieces","7":"product_cat-robes","8":"product_cat-tout-voir","9":"pa_taille-l-40-2","10":"pa_taille-m-38-2","11":"pa_taille-s-36-2","12":"pa_taille-sur-mesure-fr-2","13":"pa_taille-xl-42-fr-2","14":"pa_taille-xs-34-2","16":"first","17":"instock","18":"taxable","19":"shipping-taxable","20":"purchasable","21":"product-type-variable"},"_links":{"self":[{"href":"https:\/\/maisoncleo.com\/fr\/wp-json\/wp\/v2\/product\/367357","targetHints":{"allow":["GET"]}}],"collection":[{"href":"https:\/\/maisoncleo.com\/fr\/wp-json\/wp\/v2\/product"}],"about":[{"href":"https:\/\/maisoncleo.com\/fr\/wp-json\/wp\/v2\/types\/product"}],"version-history":[{"count":1,"href":"https:\/\/maisoncleo.com\/fr\/wp-json\/wp\/v2\/product\/367357\/revisions"}],"predecessor-version":[{"id":367573,"href":"https:\/\/maisoncleo.com\/fr\/wp-json\/wp\/v2\/product\/367357\/revisions\/367573"}],"wp:featuredmedia":[{"embeddable":true,"href":"https:\/\/maisoncleo.com\/fr\/wp-json\/wp\/v2\/media\/354240"}],"wp:attachment":[{"href":"https:\/\/maisoncleo.com\/fr\/wp-json\/wp\/v2\/media?parent=367357"}],"wp:term":[{"taxonomy":"product_brand","embeddable":true,"href":"https:\/\/maisoncleo.com\/fr\/wp-json\/wp\/v2\/product_brand?post=367357"},{"taxonomy":"product_cat","embeddable":true,"href":"https:\/\/maisoncleo.com\/fr\/wp-json\/wp\/v2\/product_cat?post=367357"},{"taxonomy":"product_tag","embeddable":true,"href":"https:\/\/maisoncleo.com\/fr\/wp-json\/wp\/v2\/product_tag?post=367357"}],"curies":[{"name":"wp","href":"https:\/\/api.w.org\/{rel}","templated":true}]}}