{"id":367322,"date":"2024-09-10T09:52:46","date_gmt":"2024-09-10T16:58:57","guid":{"rendered":"https:\/\/maisoncleo.com\/\/?post_type=product&#038;p=367322"},"modified":"2025-04-04T21:44:27","modified_gmt":"2025-04-04T19:44:27","slug":"mini-jupe-ajouree-en-soie-duchesse-fleurie-et-liens-cotes-monique","status":"publish","type":"product","link":"https:\/\/maisoncleo.com\/fr\/shop\/mini-jupe-ajouree-en-soie-duchesse-fleurie-et-liens-cotes-monique\/","title":{"rendered":"Mini jupe ajour\u00e9e en soie duchesse fleurie et liens c\u00f4t\u00e9s MONIQUE"},"content":{"rendered":"<p>Mini jupe ajour\u00e9e fleurie en soie duchesse.\u00a0Taille mi-haute. Fermeture \u00e9clair dans le dos. Fentes et ouvertures sur les c\u00f4t\u00e9s, deux liens. 100% soie.<\/p>\n<p>LOOK 22 de notre d\u00e9fil\u00e9 automne hiver \u201cL\u2019Affranchie\u201d de septembre 2022.<\/p>\n<p>La mod\u00e8le mesure 173 cm et porte une taille S-36.<\/p>\n","protected":false},"excerpt":{"rendered":"<p>Mini jupe ajour\u00e9e fleurie en soie duchesse.\u00a0Taille mi-haute. Fermeture \u00e9clair dans le dos. Fentes et ouvertures sur les c\u00f4t\u00e9s, deux liens. 100%&hellip;<\/p>\n","protected":false},"featured_media":353844,"template":"","meta":[],"product_brand":[],"product_cat":[667,672,661],"product_tag":[],"class_list":{"0":"post-367322","1":"product","2":"type-product","3":"status-publish","4":"has-post-thumbnail","6":"product_cat-dernieres-pieces","7":"product_cat-jupes","8":"product_cat-tout-voir","9":"pa_taille-l-40-2","10":"pa_taille-m-38-2","11":"pa_taille-s-36-2","12":"pa_taille-sur-mesure-fr-2","13":"pa_taille-xl-42-fr-2","14":"pa_taille-xs-34-2","16":"first","17":"instock","18":"taxable","19":"shipping-taxable","20":"purchasable","21":"product-type-variable"},"_links":{"self":[{"href":"https:\/\/maisoncleo.com\/fr\/wp-json\/wp\/v2\/product\/367322","targetHints":{"allow":["GET"]}}],"collection":[{"href":"https:\/\/maisoncleo.com\/fr\/wp-json\/wp\/v2\/product"}],"about":[{"href":"https:\/\/maisoncleo.com\/fr\/wp-json\/wp\/v2\/types\/product"}],"version-history":[{"count":1,"href":"https:\/\/maisoncleo.com\/fr\/wp-json\/wp\/v2\/product\/367322\/revisions"}],"predecessor-version":[{"id":367396,"href":"https:\/\/maisoncleo.com\/fr\/wp-json\/wp\/v2\/product\/367322\/revisions\/367396"}],"wp:featuredmedia":[{"embeddable":true,"href":"https:\/\/maisoncleo.com\/fr\/wp-json\/wp\/v2\/media\/353844"}],"wp:attachment":[{"href":"https:\/\/maisoncleo.com\/fr\/wp-json\/wp\/v2\/media?parent=367322"}],"wp:term":[{"taxonomy":"product_brand","embeddable":true,"href":"https:\/\/maisoncleo.com\/fr\/wp-json\/wp\/v2\/product_brand?post=367322"},{"taxonomy":"product_cat","embeddable":true,"href":"https:\/\/maisoncleo.com\/fr\/wp-json\/wp\/v2\/product_cat?post=367322"},{"taxonomy":"product_tag","embeddable":true,"href":"https:\/\/maisoncleo.com\/fr\/wp-json\/wp\/v2\/product_tag?post=367322"}],"curies":[{"name":"wp","href":"https:\/\/api.w.org\/{rel}","templated":true}]}}