{"id":367321,"date":"2024-09-10T09:52:46","date_gmt":"2024-09-10T16:58:57","guid":{"rendered":"https:\/\/maisoncleo.com\/\/?post_type=product&#038;p=367321"},"modified":"2026-04-17T13:43:36","modified_gmt":"2026-04-17T11:43:36","slug":"blouse-coton-noir-et-dentelle-volantee-agnes","status":"publish","type":"product","link":"https:\/\/maisoncleo.com\/fr\/shop\/blouse-coton-noir-et-dentelle-volantee-agnes\/","title":{"rendered":"Blouse coton noir et dentelle volant\u00e9e AGNES"},"content":{"rendered":"<p>Notre blouse Agn\u00e8s en coton noir avec une touche de dentelle.<\/p>\n<p>Deux liens \u00e0 nouer sur le devant. Manches bouffantes. 100% coton. D\u00e9tails de dentelle volant\u00e9e sur le col et les manches.<\/p>\n<p>Fabriqu\u00e9e \u00e0 la main dans notre atelier du Nord de la France.<\/p>\n<p>La mod\u00e8le mesure 1m73 et porte une taille S-36.<\/p>\n","protected":false},"excerpt":{"rendered":"<p>Notre blouse Agn\u00e8s en coton noir avec une touche de dentelle. Deux liens \u00e0 nouer sur le devant. Manches bouffantes. 100% coton.&hellip;<\/p>\n","protected":false},"featured_media":353800,"template":"","meta":[],"product_brand":[],"product_cat":[663,668,661],"product_tag":[],"class_list":{"0":"post-367321","1":"product","2":"type-product","3":"status-publish","4":"has-post-thumbnail","6":"product_cat-blouses","7":"product_cat-capsule","8":"product_cat-tout-voir","9":"pa_taille-l-40-2","10":"pa_taille-m-38-2","11":"pa_taille-s-36-2","12":"pa_taille-sur-mesure-fr-2","13":"pa_taille-xl-42-fr-2","14":"pa_taille-xs-34-2","16":"first","17":"instock","18":"taxable","19":"shipping-taxable","20":"purchasable","21":"product-type-variable"},"_links":{"self":[{"href":"https:\/\/maisoncleo.com\/fr\/wp-json\/wp\/v2\/product\/367321","targetHints":{"allow":["GET"]}}],"collection":[{"href":"https:\/\/maisoncleo.com\/fr\/wp-json\/wp\/v2\/product"}],"about":[{"href":"https:\/\/maisoncleo.com\/fr\/wp-json\/wp\/v2\/types\/product"}],"version-history":[{"count":1,"href":"https:\/\/maisoncleo.com\/fr\/wp-json\/wp\/v2\/product\/367321\/revisions"}],"predecessor-version":[{"id":367392,"href":"https:\/\/maisoncleo.com\/fr\/wp-json\/wp\/v2\/product\/367321\/revisions\/367392"}],"wp:featuredmedia":[{"embeddable":true,"href":"https:\/\/maisoncleo.com\/fr\/wp-json\/wp\/v2\/media\/353800"}],"wp:attachment":[{"href":"https:\/\/maisoncleo.com\/fr\/wp-json\/wp\/v2\/media?parent=367321"}],"wp:term":[{"taxonomy":"product_brand","embeddable":true,"href":"https:\/\/maisoncleo.com\/fr\/wp-json\/wp\/v2\/product_brand?post=367321"},{"taxonomy":"product_cat","embeddable":true,"href":"https:\/\/maisoncleo.com\/fr\/wp-json\/wp\/v2\/product_cat?post=367321"},{"taxonomy":"product_tag","embeddable":true,"href":"https:\/\/maisoncleo.com\/fr\/wp-json\/wp\/v2\/product_tag?post=367321"}],"curies":[{"name":"wp","href":"https:\/\/api.w.org\/{rel}","templated":true}]}}