{"id":367301,"date":"2024-09-10T09:52:21","date_gmt":"2024-09-10T16:58:33","guid":{"rendered":"https:\/\/maisoncleo.com\/\/?post_type=product&#038;p=367301"},"modified":"2024-10-14T09:41:11","modified_gmt":"2024-10-14T07:41:11","slug":"blouse-en-laine-epaisse-carreaux-marrons-vanessa","status":"publish","type":"product","link":"https:\/\/maisoncleo.com\/fr\/shop\/blouse-en-laine-epaisse-carreaux-marrons-vanessa\/","title":{"rendered":"Blouse en laine \u00e9paisse carreaux marrons VANESSA"},"content":{"rendered":"<p>La blouse Vanessa \u00e0 carreaux marrons, deux liens sur le devant, cintr\u00e9e, d\u00e9collet\u00e9 en V, manches courtes bouffantes. Tissu en laine tiss\u00e9e \u00e9pais provenant d&rsquo;une maison de Couture fran\u00e7aise.<\/p>\n<p>La mod\u00e8le porte une taille 36.<\/p>\n","protected":false},"excerpt":{"rendered":"<p>La blouse Vanessa \u00e0 carreaux marrons, deux liens sur le devant, cintr\u00e9e, d\u00e9collet\u00e9 en V, manches courtes bouffantes. Tissu en laine tiss\u00e9e&hellip;<\/p>\n","protected":false},"featured_media":353663,"template":"","meta":[],"product_brand":[],"product_cat":[662,663,667,668,661],"product_tag":[],"class_list":{"0":"post-367301","1":"product","2":"type-product","3":"status-publish","4":"has-post-thumbnail","6":"product_cat-basiques","7":"product_cat-blouses","8":"product_cat-dernieres-pieces","9":"product_cat-capsule","10":"product_cat-tout-voir","11":"pa_taille-l-40-2","12":"pa_taille-m-38-2","13":"pa_taille-s-36-2","14":"pa_taille-sur-mesure-fr-2","15":"pa_taille-xl-42-fr-2","16":"pa_taille-xs-34-2","18":"first","19":"outofstock","20":"taxable","21":"shipping-taxable","22":"purchasable","23":"product-type-variable"},"_links":{"self":[{"href":"https:\/\/maisoncleo.com\/fr\/wp-json\/wp\/v2\/product\/367301","targetHints":{"allow":["GET"]}}],"collection":[{"href":"https:\/\/maisoncleo.com\/fr\/wp-json\/wp\/v2\/product"}],"about":[{"href":"https:\/\/maisoncleo.com\/fr\/wp-json\/wp\/v2\/types\/product"}],"version-history":[{"count":1,"href":"https:\/\/maisoncleo.com\/fr\/wp-json\/wp\/v2\/product\/367301\/revisions"}],"predecessor-version":[{"id":367342,"href":"https:\/\/maisoncleo.com\/fr\/wp-json\/wp\/v2\/product\/367301\/revisions\/367342"}],"wp:featuredmedia":[{"embeddable":true,"href":"https:\/\/maisoncleo.com\/fr\/wp-json\/wp\/v2\/media\/353663"}],"wp:attachment":[{"href":"https:\/\/maisoncleo.com\/fr\/wp-json\/wp\/v2\/media?parent=367301"}],"wp:term":[{"taxonomy":"product_brand","embeddable":true,"href":"https:\/\/maisoncleo.com\/fr\/wp-json\/wp\/v2\/product_brand?post=367301"},{"taxonomy":"product_cat","embeddable":true,"href":"https:\/\/maisoncleo.com\/fr\/wp-json\/wp\/v2\/product_cat?post=367301"},{"taxonomy":"product_tag","embeddable":true,"href":"https:\/\/maisoncleo.com\/fr\/wp-json\/wp\/v2\/product_tag?post=367301"}],"curies":[{"name":"wp","href":"https:\/\/api.w.org\/{rel}","templated":true}]}}