{"id":367300,"date":"2024-09-10T09:52:21","date_gmt":"2024-09-10T16:58:33","guid":{"rendered":"https:\/\/maisoncleo.com\/\/?post_type=product&#038;p=367300"},"modified":"2024-10-14T09:41:11","modified_gmt":"2024-10-14T07:41:11","slug":"mini-jupe-a-carreaux-marron-laine-tissee-epaisse-monique","status":"publish","type":"product","link":"https:\/\/maisoncleo.com\/fr\/shop\/mini-jupe-a-carreaux-marron-laine-tissee-epaisse-monique\/","title":{"rendered":"Mini jupe \u00e0 carreaux marron laine tiss\u00e9e \u00e9paisse MONIQUE"},"content":{"rendered":"<p>Mini jupe \u00e0 carreaux marron en laine tiss\u00e9e \u00e9paisse.\u00a0Taille mi-haute. Fermeture \u00e9clair dans le dos. Fentes et ouvertures sur les c\u00f4t\u00e9s, deux liens. Laine \u00e9paisse tissu provenant d&rsquo;une maison de Couture fran\u00e7aise. Tissu tr\u00e8s qualitatif. Le lien d&rsquo;oeil 90s qu&rsquo;on adore! Longueur : 31 cm.<\/p>\n<p>Vous pouvez laisser une note dans l&rsquo;onglet commentaires au moment du panier pour nous demander d&rsquo;ajouter des cm \u00e0 la longueur.<\/p>\n<p>La mod\u00e8le porte une taille S-36.<\/p>\n<p>Nous pouvons faire 10 jupes dans ce tissu.<\/p>\n","protected":false},"excerpt":{"rendered":"<p>Mini jupe \u00e0 carreaux marron en laine tiss\u00e9e \u00e9paisse.\u00a0Taille mi-haute. Fermeture \u00e9clair dans le dos. Fentes et ouvertures sur les c\u00f4t\u00e9s, deux&hellip;<\/p>\n","protected":false},"featured_media":353658,"template":"","meta":[],"product_brand":[],"product_cat":[662,667,672,668,661],"product_tag":[],"class_list":{"0":"post-367300","1":"product","2":"type-product","3":"status-publish","4":"has-post-thumbnail","6":"product_cat-basiques","7":"product_cat-dernieres-pieces","8":"product_cat-jupes","9":"product_cat-capsule","10":"product_cat-tout-voir","11":"pa_taille-l-40-2","12":"pa_taille-m-38-2","13":"pa_taille-s-36-2","14":"pa_taille-sur-mesure-fr-2","15":"pa_taille-xl-42-fr-2","16":"pa_taille-xs-34-2","18":"first","19":"outofstock","20":"taxable","21":"shipping-taxable","22":"purchasable","23":"product-type-variable"},"_links":{"self":[{"href":"https:\/\/maisoncleo.com\/fr\/wp-json\/wp\/v2\/product\/367300","targetHints":{"allow":["GET"]}}],"collection":[{"href":"https:\/\/maisoncleo.com\/fr\/wp-json\/wp\/v2\/product"}],"about":[{"href":"https:\/\/maisoncleo.com\/fr\/wp-json\/wp\/v2\/types\/product"}],"version-history":[{"count":1,"href":"https:\/\/maisoncleo.com\/fr\/wp-json\/wp\/v2\/product\/367300\/revisions"}],"predecessor-version":[{"id":367324,"href":"https:\/\/maisoncleo.com\/fr\/wp-json\/wp\/v2\/product\/367300\/revisions\/367324"}],"wp:featuredmedia":[{"embeddable":true,"href":"https:\/\/maisoncleo.com\/fr\/wp-json\/wp\/v2\/media\/353658"}],"wp:attachment":[{"href":"https:\/\/maisoncleo.com\/fr\/wp-json\/wp\/v2\/media?parent=367300"}],"wp:term":[{"taxonomy":"product_brand","embeddable":true,"href":"https:\/\/maisoncleo.com\/fr\/wp-json\/wp\/v2\/product_brand?post=367300"},{"taxonomy":"product_cat","embeddable":true,"href":"https:\/\/maisoncleo.com\/fr\/wp-json\/wp\/v2\/product_cat?post=367300"},{"taxonomy":"product_tag","embeddable":true,"href":"https:\/\/maisoncleo.com\/fr\/wp-json\/wp\/v2\/product_tag?post=367300"}],"curies":[{"name":"wp","href":"https:\/\/api.w.org\/{rel}","templated":true}]}}