{"id":367284,"date":"2024-09-10T09:49:00","date_gmt":"2024-09-10T16:58:11","guid":{"rendered":"https:\/\/maisoncleo.com\/\/?post_type=product&#038;p=367284"},"modified":"2025-12-07T11:31:48","modified_gmt":"2025-12-07T09:31:48","slug":"la-poupette-defile-look-7-bandeau-en-velours-noir","status":"publish","type":"product","link":"https:\/\/maisoncleo.com\/fr\/shop\/la-poupette-defile-look-7-bandeau-en-velours-noir\/","title":{"rendered":"LA POUPETTE D\u00c9FIL\u00c9 LOOK 7 &#8211; Bandeau en velours noir"},"content":{"rendered":"<p>Bandeau en velours noir.<\/p>\n<p>Doux au toucher, \u00e0 glisser dans les cheveux en les relevant pour r\u00e9v\u00e9ler votre visage.<\/p>\n<p>La mod\u00e8le mesure 1m75 et porte une taille S-36.<\/p>\n","protected":false},"excerpt":{"rendered":"<p>Bandeau en velours noir. Doux au toucher, \u00e0 glisser dans les cheveux en les relevant pour r\u00e9v\u00e9ler votre visage. La mod\u00e8le mesure&hellip;<\/p>\n","protected":false},"featured_media":353605,"template":"","meta":[],"product_brand":[],"product_cat":[651,656,671,668,661],"product_tag":[],"class_list":{"0":"post-367284","1":"product","2":"type-product","3":"status-publish","4":"has-post-thumbnail","6":"product_cat-accessoires","7":"product_cat-accessoires-cheveux","8":"product_cat-defiles","9":"product_cat-capsule","10":"product_cat-tout-voir","11":"pa_taille-taille-unique-2","13":"first","14":"instock","15":"taxable","16":"shipping-taxable","17":"purchasable","18":"product-type-variable"},"_links":{"self":[{"href":"https:\/\/maisoncleo.com\/fr\/wp-json\/wp\/v2\/product\/367284","targetHints":{"allow":["GET"]}}],"collection":[{"href":"https:\/\/maisoncleo.com\/fr\/wp-json\/wp\/v2\/product"}],"about":[{"href":"https:\/\/maisoncleo.com\/fr\/wp-json\/wp\/v2\/types\/product"}],"version-history":[{"count":1,"href":"https:\/\/maisoncleo.com\/fr\/wp-json\/wp\/v2\/product\/367284\/revisions"}],"predecessor-version":[{"id":367305,"href":"https:\/\/maisoncleo.com\/fr\/wp-json\/wp\/v2\/product\/367284\/revisions\/367305"}],"wp:featuredmedia":[{"embeddable":true,"href":"https:\/\/maisoncleo.com\/fr\/wp-json\/wp\/v2\/media\/353605"}],"wp:attachment":[{"href":"https:\/\/maisoncleo.com\/fr\/wp-json\/wp\/v2\/media?parent=367284"}],"wp:term":[{"taxonomy":"product_brand","embeddable":true,"href":"https:\/\/maisoncleo.com\/fr\/wp-json\/wp\/v2\/product_brand?post=367284"},{"taxonomy":"product_cat","embeddable":true,"href":"https:\/\/maisoncleo.com\/fr\/wp-json\/wp\/v2\/product_cat?post=367284"},{"taxonomy":"product_tag","embeddable":true,"href":"https:\/\/maisoncleo.com\/fr\/wp-json\/wp\/v2\/product_tag?post=367284"}],"curies":[{"name":"wp","href":"https:\/\/api.w.org\/{rel}","templated":true}]}}