{"id":367246,"date":"2024-09-10T09:46:35","date_gmt":"2024-09-10T16:57:26","guid":{"rendered":"https:\/\/maisoncleo.com\/\/?post_type=product&#038;p=367246"},"modified":"2024-09-10T21:24:04","modified_gmt":"2024-09-10T19:24:04","slug":"la-poupette-defile-look-27-veste-sans-manches-engueran-en-laine-a-carreaux-bleu","status":"publish","type":"product","link":"https:\/\/maisoncleo.com\/fr\/shop\/la-poupette-defile-look-27-veste-sans-manches-engueran-en-laine-a-carreaux-bleu\/","title":{"rendered":"LA POUPETTE D\u00c9FIL\u00c9 LOOK 27 &#8211; Veste sans manches ENGUERAN en laine \u00e0 carreaux bleu"},"content":{"rendered":"<p>Veste sans manches en laine \u00e0 carreaux bleu.<br \/>\nCoupe large, d\u00e9collet\u00e9 en V. Parfait pour porter avec une chemise en dessous pour la saison!<\/p>\n<p>Longueur : 37 cm.<\/p>\n<p>La mod\u00e8le mesure 1m75 et porte une taille S-36.<\/p>\n","protected":false},"excerpt":{"rendered":"<p>Veste sans manches en laine \u00e0 carreaux bleu. Coupe large, d\u00e9collet\u00e9 en V. Parfait pour porter avec une chemise en dessous pour&hellip;<\/p>\n","protected":false},"featured_media":353509,"template":"","meta":[],"product_brand":[],"product_cat":[683,668,674,661],"product_tag":[],"class_list":{"0":"post-367246","1":"product","2":"type-product","3":"status-publish","4":"has-post-thumbnail","6":"product_cat-cardigans","7":"product_cat-capsule","8":"product_cat-tops","9":"product_cat-tout-voir","10":"pa_taille-l-40-2","11":"pa_taille-m-38-2","12":"pa_taille-s-36-2","13":"pa_taille-sur-mesure-fr-2","14":"pa_taille-xl-42-fr-2","15":"pa_taille-xs-34-2","17":"first","18":"outofstock","19":"taxable","20":"shipping-taxable","21":"purchasable","22":"product-type-variable"},"_links":{"self":[{"href":"https:\/\/maisoncleo.com\/fr\/wp-json\/wp\/v2\/product\/367246","targetHints":{"allow":["GET"]}}],"collection":[{"href":"https:\/\/maisoncleo.com\/fr\/wp-json\/wp\/v2\/product"}],"about":[{"href":"https:\/\/maisoncleo.com\/fr\/wp-json\/wp\/v2\/types\/product"}],"version-history":[{"count":1,"href":"https:\/\/maisoncleo.com\/fr\/wp-json\/wp\/v2\/product\/367246\/revisions"}],"predecessor-version":[{"id":367270,"href":"https:\/\/maisoncleo.com\/fr\/wp-json\/wp\/v2\/product\/367246\/revisions\/367270"}],"wp:featuredmedia":[{"embeddable":true,"href":"https:\/\/maisoncleo.com\/fr\/wp-json\/wp\/v2\/media\/353509"}],"wp:attachment":[{"href":"https:\/\/maisoncleo.com\/fr\/wp-json\/wp\/v2\/media?parent=367246"}],"wp:term":[{"taxonomy":"product_brand","embeddable":true,"href":"https:\/\/maisoncleo.com\/fr\/wp-json\/wp\/v2\/product_brand?post=367246"},{"taxonomy":"product_cat","embeddable":true,"href":"https:\/\/maisoncleo.com\/fr\/wp-json\/wp\/v2\/product_cat?post=367246"},{"taxonomy":"product_tag","embeddable":true,"href":"https:\/\/maisoncleo.com\/fr\/wp-json\/wp\/v2\/product_tag?post=367246"}],"curies":[{"name":"wp","href":"https:\/\/api.w.org\/{rel}","templated":true}]}}