{"id":367239,"date":"2024-09-10T09:45:43","date_gmt":"2024-09-10T16:57:25","guid":{"rendered":"https:\/\/maisoncleo.com\/\/?post_type=product&#038;p=367239"},"modified":"2024-09-10T21:24:01","modified_gmt":"2024-09-10T19:24:01","slug":"la-poupette-defile-look-27-jupe-mai-en-laine-a-carreaux-bleu-poches-dentelle","status":"publish","type":"product","link":"https:\/\/maisoncleo.com\/fr\/shop\/la-poupette-defile-look-27-jupe-mai-en-laine-a-carreaux-bleu-poches-dentelle\/","title":{"rendered":"LA POUPETTE D\u00c9FIL\u00c9 LOOK 27 &#8211; Jupe MAI en laine \u00e0 carreaux bleu poches dentelle"},"content":{"rendered":"<p>Jupe en laine \u00e0 carreaux bleu avec poches bord\u00e9es de dentelle. Fermeture \u00e9clair dans le dos.<\/p>\n<p>Longueur : 35 cm.<\/p>\n<p>La mod\u00e8le mesure 1m75 et porte une taille S-36.<\/p>\n","protected":false},"excerpt":{"rendered":"<p>Jupe en laine \u00e0 carreaux bleu avec poches bord\u00e9es de dentelle. Fermeture \u00e9clair dans le dos. Longueur : 35 cm. La mod\u00e8le&hellip;<\/p>\n","protected":false},"featured_media":353506,"template":"","meta":[],"product_brand":[],"product_cat":[671,672,668,661],"product_tag":[],"class_list":{"0":"post-367239","1":"product","2":"type-product","3":"status-publish","4":"has-post-thumbnail","6":"product_cat-defiles","7":"product_cat-jupes","8":"product_cat-capsule","9":"product_cat-tout-voir","10":"pa_taille-l-40-2","11":"pa_taille-m-38-2","12":"pa_taille-s-36-2","13":"pa_taille-sur-mesure-fr-2","14":"pa_taille-xl-42-fr-2","15":"pa_taille-xs-34-2","17":"first","18":"outofstock","19":"taxable","20":"shipping-taxable","21":"purchasable","22":"product-type-variable"},"_links":{"self":[{"href":"https:\/\/maisoncleo.com\/fr\/wp-json\/wp\/v2\/product\/367239","targetHints":{"allow":["GET"]}}],"collection":[{"href":"https:\/\/maisoncleo.com\/fr\/wp-json\/wp\/v2\/product"}],"about":[{"href":"https:\/\/maisoncleo.com\/fr\/wp-json\/wp\/v2\/types\/product"}],"version-history":[{"count":1,"href":"https:\/\/maisoncleo.com\/fr\/wp-json\/wp\/v2\/product\/367239\/revisions"}],"predecessor-version":[{"id":367269,"href":"https:\/\/maisoncleo.com\/fr\/wp-json\/wp\/v2\/product\/367239\/revisions\/367269"}],"wp:featuredmedia":[{"embeddable":true,"href":"https:\/\/maisoncleo.com\/fr\/wp-json\/wp\/v2\/media\/353506"}],"wp:attachment":[{"href":"https:\/\/maisoncleo.com\/fr\/wp-json\/wp\/v2\/media?parent=367239"}],"wp:term":[{"taxonomy":"product_brand","embeddable":true,"href":"https:\/\/maisoncleo.com\/fr\/wp-json\/wp\/v2\/product_brand?post=367239"},{"taxonomy":"product_cat","embeddable":true,"href":"https:\/\/maisoncleo.com\/fr\/wp-json\/wp\/v2\/product_cat?post=367239"},{"taxonomy":"product_tag","embeddable":true,"href":"https:\/\/maisoncleo.com\/fr\/wp-json\/wp\/v2\/product_tag?post=367239"}],"curies":[{"name":"wp","href":"https:\/\/api.w.org\/{rel}","templated":true}]}}