{"id":367211,"date":"2024-09-10T09:43:23","date_gmt":"2024-09-10T16:56:39","guid":{"rendered":"https:\/\/maisoncleo.com\/\/?post_type=product&#038;p=367211"},"modified":"2024-09-10T21:23:55","modified_gmt":"2024-09-10T19:23:55","slug":"la-poupette-defile-look-14-pantalon-denim-a-pois-blancs-taille-haute-madenn","status":"publish","type":"product","link":"https:\/\/maisoncleo.com\/fr\/shop\/la-poupette-defile-look-14-pantalon-denim-a-pois-blancs-taille-haute-madenn\/","title":{"rendered":"LA POUPETTE D\u00c9FIL\u00c9 LOOK 14 &#8211; Pantalon denim \u00e0 pois blancs taille haute MADENN"},"content":{"rendered":"<p>Pantalon denim \u00e0 pois blancs taille haute.<\/p>\n<p>Tissu avec pois en mati\u00e8re imperm\u00e9able provenant d&rsquo;une maison de Couture fran\u00e7aise.<\/p>\n<p>Large taille \u00e9lastiqu\u00e9e, passants, poches c\u00f4t\u00e9s et sur le long de la jambe, coupe droite large.<\/p>\n<p>Longueur : 108 cm.<\/p>\n<p>La mod\u00e8le mesure 1m75 et porte une taille S-36.<\/p>\n","protected":false},"excerpt":{"rendered":"<p>Pantalon denim \u00e0 pois blancs taille haute. Tissu avec pois en mati\u00e8re imperm\u00e9able provenant d&rsquo;une maison de Couture fran\u00e7aise. Large taille \u00e9lastiqu\u00e9e,&hellip;<\/p>\n","protected":false},"featured_media":353441,"template":"","meta":[],"product_brand":[],"product_cat":[671,668,675,661],"product_tag":[],"class_list":{"0":"post-367211","1":"product","2":"type-product","3":"status-publish","4":"has-post-thumbnail","6":"product_cat-defiles","7":"product_cat-capsule","8":"product_cat-pantalons-shorts","9":"product_cat-tout-voir","10":"pa_taille-l-40-2","11":"pa_taille-m-38-2","12":"pa_taille-s-36-2","13":"pa_taille-sur-mesure-fr-2","14":"pa_taille-xl-42-fr-2","15":"pa_taille-xs-34-2","17":"first","18":"instock","19":"taxable","20":"shipping-taxable","21":"purchasable","22":"product-type-variable"},"_links":{"self":[{"href":"https:\/\/maisoncleo.com\/fr\/wp-json\/wp\/v2\/product\/367211","targetHints":{"allow":["GET"]}}],"collection":[{"href":"https:\/\/maisoncleo.com\/fr\/wp-json\/wp\/v2\/product"}],"about":[{"href":"https:\/\/maisoncleo.com\/fr\/wp-json\/wp\/v2\/types\/product"}],"version-history":[{"count":1,"href":"https:\/\/maisoncleo.com\/fr\/wp-json\/wp\/v2\/product\/367211\/revisions"}],"predecessor-version":[{"id":367237,"href":"https:\/\/maisoncleo.com\/fr\/wp-json\/wp\/v2\/product\/367211\/revisions\/367237"}],"wp:featuredmedia":[{"embeddable":true,"href":"https:\/\/maisoncleo.com\/fr\/wp-json\/wp\/v2\/media\/353441"}],"wp:attachment":[{"href":"https:\/\/maisoncleo.com\/fr\/wp-json\/wp\/v2\/media?parent=367211"}],"wp:term":[{"taxonomy":"product_brand","embeddable":true,"href":"https:\/\/maisoncleo.com\/fr\/wp-json\/wp\/v2\/product_brand?post=367211"},{"taxonomy":"product_cat","embeddable":true,"href":"https:\/\/maisoncleo.com\/fr\/wp-json\/wp\/v2\/product_cat?post=367211"},{"taxonomy":"product_tag","embeddable":true,"href":"https:\/\/maisoncleo.com\/fr\/wp-json\/wp\/v2\/product_tag?post=367211"}],"curies":[{"name":"wp","href":"https:\/\/api.w.org\/{rel}","templated":true}]}}